{"id":5004,"date":"2026-04-09T08:45:11","date_gmt":"2026-04-09T08:45:11","guid":{"rendered":"https:\/\/siera.com\/?page_id=5004"},"modified":"2026-04-09T10:06:11","modified_gmt":"2026-04-09T10:06:11","slug":"hydraulic-engineering-and-flood-protection","status":"publish","type":"page","link":"https:\/\/siera.com\/de\/solutions\/water\/hydraulic-engineering-and-flood-protection\/","title":{"rendered":"Wasserbau und Hochwasserschutz"},"content":{"rendered":"<div data-elementor-type=\"wp-page\" data-elementor-id=\"5004\" class=\"elementor elementor-5004\" data-elementor-post-type=\"page\">\n\t\t\t\t<div class=\"elementor-element elementor-element-f3a52ba e-flex e-con-boxed e-con e-parent\" data-id=\"f3a52ba\" data-element_type=\"container\" data-e-type=\"container\" data-settings=\"{&quot;background_background&quot;:&quot;classic&quot;}\">\n\t\t\t\t\t<div class=\"e-con-inner\">\n\t\t\t\t<div class=\"elementor-element elementor-element-f880b88 elementor-widget elementor-widget-heading\" data-id=\"f880b88\" data-element_type=\"widget\" data-e-type=\"widget\" data-widget_type=\"heading.default\">\n\t\t\t\t\t<h5 class=\"elementor-heading-title elementor-size-default\">Engineering For A Better Tomorrow<\/h5>\t\t\t\t<\/div>\n\t\t\t\t<div class=\"elementor-element elementor-element-8b2ca70 elementor-widget elementor-widget-heading\" data-id=\"8b2ca70\" data-element_type=\"widget\" data-e-type=\"widget\" data-widget_type=\"heading.default\">\n\t\t\t\t\t<h1 class=\"elementor-heading-title elementor-size-default\">Wasserbau und Hochwasserschutz<\/h1>\t\t\t\t<\/div>\n\t\t\t\t<div class=\"elementor-element elementor-element-852135e elementor-widget__width-initial elementor-widget elementor-widget-text-editor\" data-id=\"852135e\" data-element_type=\"widget\" data-e-type=\"widget\" data-widget_type=\"text-editor.default\">\n\t\t\t\t\t\t\t\t\t<p>Die Umwelttechnik bildet die Grundlage f\u00fcr eine nachhaltige Wasserbewirtschaftung - sie sichert die Verf\u00fcgbarkeit, Qualit\u00e4t und Widerstandsf\u00e4higkeit von Wasser.<\/p>\t\t\t\t\t\t\t\t<\/div>\n\t\t\t\t\t<\/div>\n\t\t\t\t<\/div>\n\t\t<div class=\"elementor-element elementor-element-5678bc7 e-flex e-con-boxed e-con e-parent\" data-id=\"5678bc7\" data-element_type=\"container\" data-e-type=\"container\" data-settings=\"{&quot;background_background&quot;:&quot;classic&quot;}\">\n\t\t\t\t\t<div class=\"e-con-inner\">\n\t\t<div class=\"elementor-element elementor-element-b423d51 e-con-full e-flex e-con e-child\" data-id=\"b423d51\" data-element_type=\"container\" data-e-type=\"container\">\n\t\t\t\t<div class=\"elementor-element elementor-element-e6e5560 elementor-widget__width-initial elementor-widget elementor-widget-heading\" data-id=\"e6e5560\" data-element_type=\"widget\" data-e-type=\"widget\" data-widget_type=\"heading.default\">\n\t\t\t\t\t<h5 class=\"elementor-heading-title elementor-size-default\">Umwelttechnische L\u00f6sungen<\/h5>\t\t\t\t<\/div>\n\t\t\t\t<div class=\"elementor-element elementor-element-f195854 elementor-widget__width-initial elementor-widget elementor-widget-heading\" data-id=\"f195854\" data-element_type=\"widget\" data-e-type=\"widget\" data-widget_type=\"heading.default\">\n\t\t\t\t\t<h2 class=\"elementor-heading-title elementor-size-default\">Wasserbau und Hochwasserschutz<\/h2>\t\t\t\t<\/div>\n\t\t\t\t<div class=\"elementor-element elementor-element-3f5df24 elementor-widget__width-initial elementor-widget elementor-widget-text-editor\" data-id=\"3f5df24\" data-element_type=\"widget\" data-e-type=\"widget\" data-widget_type=\"text-editor.default\">\n\t\t\t\t\t\t\t\t\t<p>Die SIERA Alliance ist f\u00fchrend bei der Planung und Umsetzung von Hochwasserschutzma\u00dfnahmen, die auf technischen Spitzenleistungen beruhen. Dazu geh\u00f6ren:<\/p><ul><li><strong>Umfassende Risikobewertungen<\/strong>\u00a0um gef\u00e4hrdete Zonen zu identifizieren und eine anpassungsf\u00e4hige Planung zu erm\u00f6glichen<\/li><li><strong>Konstruierte Hochwasserschutzbauwerke<\/strong>\u00a0wie D\u00e4mme, R\u00fcckhaltebecken und Umleitungskan\u00e4le<\/li><li><strong>Naturbasierte L\u00f6sungen<\/strong>\u00a0die gebaute Infrastruktur durch die Wiederherstellung von Feuchtgebieten und gr\u00fcnen Korridoren erg\u00e4nzen<\/li><li><strong>Interdisziplin\u00e4re Ans\u00e4tze<\/strong>\u00a0die Hydrologie, das Bauingenieurwesen und die Umweltplanung vereinen<\/li><\/ul><p><br \/>Angesichts der zunehmenden klimabedingten Extreme bieten die SIERA-Ingenieure Schutzsysteme, die robust, widerstandsf\u00e4hig und verantwortungsvoll sind.<\/p>\t\t\t\t\t\t\t\t<\/div>\n\t\t\t\t<\/div>\n\t\t<div class=\"elementor-element elementor-element-8acce80 e-con-full e-flex e-con e-child\" data-id=\"8acce80\" data-element_type=\"container\" data-e-type=\"container\">\n\t\t\t\t<div class=\"elementor-element elementor-element-62dae8b elementor-widget__width-initial elementor-widget elementor-widget-image\" data-id=\"62dae8b\" data-element_type=\"widget\" data-e-type=\"widget\" data-widget_type=\"image.default\">\n\t\t\t\t\t\t\t\t\t\t\t\t\t\t\t<img fetchpriority=\"high\" decoding=\"async\" width=\"800\" height=\"600\" src=\"https:\/\/siera.com\/wp-content\/uploads\/siera-alliance-environmental-solutions-60-1024x768.webp\" class=\"attachment-large size-large wp-image-4852\" alt=\"\" srcset=\"https:\/\/siera.com\/wp-content\/uploads\/siera-alliance-environmental-solutions-60-1024x768.webp 1024w, https:\/\/siera.com\/wp-content\/uploads\/siera-alliance-environmental-solutions-60-300x225.webp 300w, https:\/\/siera.com\/wp-content\/uploads\/siera-alliance-environmental-solutions-60-768x576.webp 768w, https:\/\/siera.com\/wp-content\/uploads\/siera-alliance-environmental-solutions-60-1536x1152.webp 1536w, https:\/\/siera.com\/wp-content\/uploads\/siera-alliance-environmental-solutions-60-16x12.webp 16w, https:\/\/siera.com\/wp-content\/uploads\/siera-alliance-environmental-solutions-60.webp 1584w\" sizes=\"(max-width: 800px) 100vw, 800px\" \/>\t\t\t\t\t\t\t\t\t\t\t\t\t\t\t<\/div>\n\t\t\t\t<div class=\"elementor-element elementor-element-3beb83a elementor-widget__width-initial elementor-absolute elementor-widget elementor-widget-image\" data-id=\"3beb83a\" data-element_type=\"widget\" data-e-type=\"widget\" data-settings=\"{&quot;_position&quot;:&quot;absolute&quot;}\" data-widget_type=\"image.default\">\n\t\t\t\t\t\t\t\t\t\t\t\t\t\t\t<img decoding=\"async\" width=\"800\" height=\"534\" src=\"https:\/\/siera.com\/wp-content\/uploads\/siera-alliance-environmental-solutions-54.webp\" class=\"attachment-large size-large wp-image-5006\" alt=\"\" srcset=\"https:\/\/siera.com\/wp-content\/uploads\/siera-alliance-environmental-solutions-54.webp 1000w, https:\/\/siera.com\/wp-content\/uploads\/siera-alliance-environmental-solutions-54-300x200.webp 300w, https:\/\/siera.com\/wp-content\/uploads\/siera-alliance-environmental-solutions-54-768x512.webp 768w, https:\/\/siera.com\/wp-content\/uploads\/siera-alliance-environmental-solutions-54-18x12.webp 18w\" sizes=\"(max-width: 800px) 100vw, 800px\" \/>\t\t\t\t\t\t\t\t\t\t\t\t\t\t\t<\/div>\n\t\t\t\t<\/div>\n\t\t\t\t\t<\/div>\n\t\t\t\t<\/div>\n\t\t<div class=\"elementor-element elementor-element-85cd5cf e-flex e-con-boxed e-con e-parent\" data-id=\"85cd5cf\" data-element_type=\"container\" data-e-type=\"container\" data-settings=\"{&quot;background_background&quot;:&quot;classic&quot;}\">\n\t\t\t\t\t<div class=\"e-con-inner\">\n\t\t<div class=\"elementor-element elementor-element-e715d49 e-con-full e-flex e-con e-child\" data-id=\"e715d49\" data-element_type=\"container\" data-e-type=\"container\">\n\t\t\t\t<div class=\"elementor-element elementor-element-be24add elementor-widget__width-initial elementor-widget elementor-widget-heading\" data-id=\"be24add\" data-element_type=\"widget\" data-e-type=\"widget\" data-widget_type=\"heading.default\">\n\t\t\t\t\t<h5 class=\"elementor-heading-title elementor-size-default\">Umwelttechnische L\u00f6sungen<\/h5>\t\t\t\t<\/div>\n\t\t\t\t<div class=\"elementor-element elementor-element-507036e elementor-widget__width-initial elementor-widget elementor-widget-heading\" data-id=\"507036e\" data-element_type=\"widget\" data-e-type=\"widget\" data-widget_type=\"heading.default\">\n\t\t\t\t\t<h2 class=\"elementor-heading-title elementor-size-default\">Technik f\u00fcr ein besseres Morgen <\/h2>\t\t\t\t<\/div>\n\t\t\t\t<div class=\"elementor-element elementor-element-9a3f29f elementor-widget__width-initial elementor-widget elementor-widget-text-editor\" data-id=\"9a3f29f\" data-element_type=\"widget\" data-e-type=\"widget\" data-widget_type=\"text-editor.default\">\n\t\t\t\t\t\t\t\t\t<p>Umwelttechnische L\u00f6sungen organisieren die Auswirkungen in diesen Schwerpunktbereichen, in denen der Wandel greifbar wird.<\/p>\t\t\t\t\t\t\t\t<\/div>\n\t\t\t\t<\/div>\n\t\t<div class=\"elementor-element elementor-element-3a1e1c2 e-con-full e-flex e-con e-child\" data-id=\"3a1e1c2\" data-element_type=\"container\" data-e-type=\"container\">\n\t\t\t\t<div class=\"elementor-element elementor-element-70cfe35 elementor-flip-box--effect-slide elementor-widget__width-initial elementor-flip-box--direction-up elementor-widget elementor-widget-flip-box\" data-id=\"70cfe35\" data-element_type=\"widget\" data-e-type=\"widget\" data-widget_type=\"flip-box.default\">\n\t\t\t\t\t\t\t<div class=\"elementor-flip-box\" tabindex=\"0\">\n\t\t\t<div class=\"elementor-flip-box__layer elementor-flip-box__front\">\n\t\t\t\t<div class=\"elementor-flip-box__layer__overlay\">\n\t\t\t\t\t<div class=\"elementor-flip-box__layer__inner\">\n\t\t\t\t\t\t\n\t\t\t\t\t\t\t\t\t\t\t\t\t<h3 class=\"elementor-flip-box__layer__title\">\n\t\t\t\t\t\t\t\tGrundwassermanagement\t\t\t\t\t\t\t<\/h3>\n\t\t\t\t\t\t\n\t\t\t\t\t\t\t\t\t\t\t<\/div>\n\t\t\t\t<\/div>\n\t\t\t<\/div>\n\t\t\t<a class=\"elementor-flip-box__layer elementor-flip-box__back\" href=\"https:\/\/siera.com\/de\/solutions\/water\/groundwater-management\/\">\n\t\t\t<div class=\"elementor-flip-box__layer__overlay\">\n\t\t\t\t<div class=\"elementor-flip-box__layer__inner\">\n\t\t\t\t\t\n\t\t\t\t\t\t\t\t\t\t\t<div class=\"elementor-flip-box__layer__description\">\n\t\t\t\t\t\t\tDie Umwelttechnik spielt eine zentrale Rolle bei der nachhaltigen Bewirtschaftung von Grundwasserressourcen. \t\t\t\t\t\t<\/div>\n\t\t\t\t\t\n\t\t\t\t\t\t\t\t\t\t\t<span class=\"elementor-flip-box__button elementor-button elementor-size-sm\">\n\t\t\t\t\t\t\tMehr erfahren\t\t\t\t\t\t<\/span>\n\t\t\t\t\t\t\t\t<\/div>\n\t\t<\/div>\n\t\t<\/a>\n\t\t<\/div>\n\t\t\t\t\t\t<\/div>\n\t\t\t\t<div class=\"elementor-element elementor-element-6677bdd elementor-flip-box--effect-slide elementor-widget__width-initial elementor-flip-box--direction-up elementor-widget elementor-widget-flip-box\" data-id=\"6677bdd\" data-element_type=\"widget\" data-e-type=\"widget\" data-widget_type=\"flip-box.default\">\n\t\t\t\t\t\t\t<div class=\"elementor-flip-box\" tabindex=\"0\">\n\t\t\t<div class=\"elementor-flip-box__layer elementor-flip-box__front\">\n\t\t\t\t<div class=\"elementor-flip-box__layer__overlay\">\n\t\t\t\t\t<div class=\"elementor-flip-box__layer__inner\">\n\t\t\t\t\t\t\n\t\t\t\t\t\t\t\t\t\t\t\t\t<h3 class=\"elementor-flip-box__layer__title\">\n\t\t\t\t\t\t\t\tOberfl\u00e4chenwasser-Management\t\t\t\t\t\t\t<\/h3>\n\t\t\t\t\t\t\n\t\t\t\t\t\t\t\t\t\t\t<\/div>\n\t\t\t\t<\/div>\n\t\t\t<\/div>\n\t\t\t<a class=\"elementor-flip-box__layer elementor-flip-box__back\" href=\"https:\/\/siera.com\/de\/solutions\/water\/surface-water-management\/\">\n\t\t\t<div class=\"elementor-flip-box__layer__overlay\">\n\t\t\t\t<div class=\"elementor-flip-box__layer__inner\">\n\t\t\t\t\t\n\t\t\t\t\t\t\t\t\t\t\t<div class=\"elementor-flip-box__layer__description\">\n\t\t\t\t\t\t\tDie Umweltingenieure der SIERA Alliance liefern umfassende Strategien f\u00fcr eine \u00f6kologisch sensible und hydraulisch effiziente Bewirtschaftung von Oberfl\u00e4chengew\u00e4ssern. \t\t\t\t\t\t<\/div>\n\t\t\t\t\t\n\t\t\t\t\t\t\t\t\t\t\t<span class=\"elementor-flip-box__button elementor-button elementor-size-sm\">\n\t\t\t\t\t\t\tMehr erfahren\t\t\t\t\t\t<\/span>\n\t\t\t\t\t\t\t\t<\/div>\n\t\t<\/div>\n\t\t<\/a>\n\t\t<\/div>\n\t\t\t\t\t\t<\/div>\n\t\t\t\t<div class=\"elementor-element elementor-element-75d024f elementor-flip-box--effect-slide elementor-widget__width-initial elementor-flip-box--direction-up elementor-widget elementor-widget-flip-box\" data-id=\"75d024f\" data-element_type=\"widget\" data-e-type=\"widget\" data-widget_type=\"flip-box.default\">\n\t\t\t\t\t\t\t<div class=\"elementor-flip-box\" tabindex=\"0\">\n\t\t\t<div class=\"elementor-flip-box__layer elementor-flip-box__front\">\n\t\t\t\t<div class=\"elementor-flip-box__layer__overlay\">\n\t\t\t\t\t<div class=\"elementor-flip-box__layer__inner\">\n\t\t\t\t\t\t\n\t\t\t\t\t\t\t\t\t\t\t\t\t<h3 class=\"elementor-flip-box__layer__title\">\n\t\t\t\t\t\t\t\tWasserbau und Hochwasserschutz\t\t\t\t\t\t\t<\/h3>\n\t\t\t\t\t\t\n\t\t\t\t\t\t\t\t\t\t\t<\/div>\n\t\t\t\t<\/div>\n\t\t\t<\/div>\n\t\t\t<a class=\"elementor-flip-box__layer elementor-flip-box__back\" href=\"https:\/\/siera.com\/de\/solutions\/water\/hydraulic-engineering-and-flood-protection\/\">\n\t\t\t<div class=\"elementor-flip-box__layer__overlay\">\n\t\t\t\t<div class=\"elementor-flip-box__layer__inner\">\n\t\t\t\t\t\n\t\t\t\t\t\t\t\t\t\t\t<div class=\"elementor-flip-box__layer__description\">\n\t\t\t\t\t\t\tDie SIERA Alliance ist f\u00fchrend bei der Planung und Umsetzung von Hochwasserschutzma\u00dfnahmen, die auf technischen Spitzenleistungen beruhen. \t\t\t\t\t\t<\/div>\n\t\t\t\t\t\n\t\t\t\t\t\t\t\t\t\t\t<span class=\"elementor-flip-box__button elementor-button elementor-size-sm\">\n\t\t\t\t\t\t\tMehr erfahren\t\t\t\t\t\t<\/span>\n\t\t\t\t\t\t\t\t<\/div>\n\t\t<\/div>\n\t\t<\/a>\n\t\t<\/div>\n\t\t\t\t\t\t<\/div>\n\t\t\t\t<div class=\"elementor-element elementor-element-47e4364 elementor-flip-box--effect-slide elementor-widget__width-initial elementor-flip-box--direction-up elementor-widget elementor-widget-flip-box\" data-id=\"47e4364\" data-element_type=\"widget\" data-e-type=\"widget\" data-widget_type=\"flip-box.default\">\n\t\t\t\t\t\t\t<div class=\"elementor-flip-box\" tabindex=\"0\">\n\t\t\t<div class=\"elementor-flip-box__layer elementor-flip-box__front\">\n\t\t\t\t<div class=\"elementor-flip-box__layer__overlay\">\n\t\t\t\t\t<div class=\"elementor-flip-box__layer__inner\">\n\t\t\t\t\t\t\n\t\t\t\t\t\t\t\t\t\t\t\t\t<h3 class=\"elementor-flip-box__layer__title\">\n\t\t\t\t\t\t\t\tSt\u00e4dtische Wasserwirtschaft\t\t\t\t\t\t\t<\/h3>\n\t\t\t\t\t\t\n\t\t\t\t\t\t\t\t\t\t\t<\/div>\n\t\t\t\t<\/div>\n\t\t\t<\/div>\n\t\t\t<a class=\"elementor-flip-box__layer elementor-flip-box__back\" href=\"https:\/\/siera.com\/de\/solutions\/water\/urban-water-management\/\">\n\t\t\t<div class=\"elementor-flip-box__layer__overlay\">\n\t\t\t\t<div class=\"elementor-flip-box__layer__inner\">\n\t\t\t\t\t\n\t\t\t\t\t\t\t\t\t\t\t<div class=\"elementor-flip-box__layer__description\">\n\t\t\t\t\t\t\tUmwelttechnik erm\u00f6glicht effiziente und nachhaltige st\u00e4dtische Wassersysteme. \t\t\t\t\t\t<\/div>\n\t\t\t\t\t\n\t\t\t\t\t\t\t\t\t\t\t<span class=\"elementor-flip-box__button elementor-button elementor-size-sm\">\n\t\t\t\t\t\t\tMehr erfahren\t\t\t\t\t\t<\/span>\n\t\t\t\t\t\t\t\t<\/div>\n\t\t<\/div>\n\t\t<\/a>\n\t\t<\/div>\n\t\t\t\t\t\t<\/div>\n\t\t\t\t<\/div>\n\t\t\t\t\t<\/div>\n\t\t\t\t<\/div>\n\t\t\t\t<\/div>","protected":false},"excerpt":{"rendered":"<p>Engineering for a Better Tomorrow Hydraulic Engineering and Flood Protection Environmental engineering provides the foundation for sustainable water stewardship\u2014ensuring the availability, quality, and resilience of water. Environmental Engineering Solutions Hydraulic Engineering and Flood Protection SIERA Alliance leads in the design and implementation of flood protection measures rooted in engineering excellence. This includes: Comprehensive Risk Assessments\u00a0to [&hellip;]<\/p>\n","protected":false},"author":10,"featured_media":0,"parent":1297,"menu_order":0,"comment_status":"closed","ping_status":"closed","template":"elementor_header_footer","meta":{"_acf_changed":false,"footnotes":""},"class_list":["post-5004","page","type-page","status-publish","hentry"],"acf":[],"_links":{"self":[{"href":"https:\/\/siera.com\/de\/wp-json\/wp\/v2\/pages\/5004","targetHints":{"allow":["GET"]}}],"collection":[{"href":"https:\/\/siera.com\/de\/wp-json\/wp\/v2\/pages"}],"about":[{"href":"https:\/\/siera.com\/de\/wp-json\/wp\/v2\/types\/page"}],"author":[{"embeddable":true,"href":"https:\/\/siera.com\/de\/wp-json\/wp\/v2\/users\/10"}],"replies":[{"embeddable":true,"href":"https:\/\/siera.com\/de\/wp-json\/wp\/v2\/comments?post=5004"}],"version-history":[{"count":7,"href":"https:\/\/siera.com\/de\/wp-json\/wp\/v2\/pages\/5004\/revisions"}],"predecessor-version":[{"id":5168,"href":"https:\/\/siera.com\/de\/wp-json\/wp\/v2\/pages\/5004\/revisions\/5168"}],"up":[{"embeddable":true,"href":"https:\/\/siera.com\/de\/wp-json\/wp\/v2\/pages\/1297"}],"wp:attachment":[{"href":"https:\/\/siera.com\/de\/wp-json\/wp\/v2\/media?parent=5004"}],"curies":[{"name":"wp","href":"https:\/\/api.w.org\/{rel}","templated":true}]}}