{"id":4990,"date":"2026-04-09T08:37:16","date_gmt":"2026-04-09T08:37:16","guid":{"rendered":"https:\/\/siera.com\/?page_id=4990"},"modified":"2026-04-09T10:05:25","modified_gmt":"2026-04-09T10:05:25","slug":"groundwater-management","status":"publish","type":"page","link":"https:\/\/siera.com\/de\/solutions\/water\/groundwater-management\/","title":{"rendered":"Grundwassermanagement"},"content":{"rendered":"<div data-elementor-type=\"wp-page\" data-elementor-id=\"4990\" class=\"elementor elementor-4990\" data-elementor-post-type=\"page\">\n\t\t\t\t<div class=\"elementor-element elementor-element-f3a52ba e-flex e-con-boxed e-con e-parent\" data-id=\"f3a52ba\" data-element_type=\"container\" data-e-type=\"container\" data-settings=\"{&quot;background_background&quot;:&quot;classic&quot;}\">\n\t\t\t\t\t<div class=\"e-con-inner\">\n\t\t\t\t<div class=\"elementor-element elementor-element-f880b88 elementor-widget elementor-widget-heading\" data-id=\"f880b88\" data-element_type=\"widget\" data-e-type=\"widget\" data-widget_type=\"heading.default\">\n\t\t\t\t\t<h5 class=\"elementor-heading-title elementor-size-default\">Engineering For A Better Tomorrow<\/h5>\t\t\t\t<\/div>\n\t\t\t\t<div class=\"elementor-element elementor-element-8b2ca70 elementor-widget elementor-widget-heading\" data-id=\"8b2ca70\" data-element_type=\"widget\" data-e-type=\"widget\" data-widget_type=\"heading.default\">\n\t\t\t\t\t<h1 class=\"elementor-heading-title elementor-size-default\">Grundwassermanagement<\/h1>\t\t\t\t<\/div>\n\t\t\t\t<div class=\"elementor-element elementor-element-852135e elementor-widget__width-initial elementor-widget elementor-widget-text-editor\" data-id=\"852135e\" data-element_type=\"widget\" data-e-type=\"widget\" data-widget_type=\"text-editor.default\">\n\t\t\t\t\t\t\t\t\t<p>Die Umwelttechnik bildet die Grundlage f\u00fcr eine nachhaltige Wasserbewirtschaftung - sie sichert die Verf\u00fcgbarkeit, Qualit\u00e4t und Widerstandsf\u00e4higkeit von Wasser.<\/p>\t\t\t\t\t\t\t\t<\/div>\n\t\t\t\t\t<\/div>\n\t\t\t\t<\/div>\n\t\t<div class=\"elementor-element elementor-element-5678bc7 e-flex e-con-boxed e-con e-parent\" data-id=\"5678bc7\" data-element_type=\"container\" data-e-type=\"container\" data-settings=\"{&quot;background_background&quot;:&quot;classic&quot;}\">\n\t\t\t\t\t<div class=\"e-con-inner\">\n\t\t<div class=\"elementor-element elementor-element-b423d51 e-con-full e-flex e-con e-child\" data-id=\"b423d51\" data-element_type=\"container\" data-e-type=\"container\">\n\t\t\t\t<div class=\"elementor-element elementor-element-e6e5560 elementor-widget__width-initial elementor-widget elementor-widget-heading\" data-id=\"e6e5560\" data-element_type=\"widget\" data-e-type=\"widget\" data-widget_type=\"heading.default\">\n\t\t\t\t\t<h5 class=\"elementor-heading-title elementor-size-default\">Umwelttechnische L\u00f6sungen<\/h5>\t\t\t\t<\/div>\n\t\t\t\t<div class=\"elementor-element elementor-element-f195854 elementor-widget__width-initial elementor-widget elementor-widget-heading\" data-id=\"f195854\" data-element_type=\"widget\" data-e-type=\"widget\" data-widget_type=\"heading.default\">\n\t\t\t\t\t<h2 class=\"elementor-heading-title elementor-size-default\">Grundwassermanagement<\/h2>\t\t\t\t<\/div>\n\t\t\t\t<div class=\"elementor-element elementor-element-3f5df24 elementor-widget__width-initial elementor-widget elementor-widget-text-editor\" data-id=\"3f5df24\" data-element_type=\"widget\" data-e-type=\"widget\" data-widget_type=\"text-editor.default\">\n\t\t\t\t\t\t\t\t\t<p>Die Umwelttechnik spielt eine zentrale Rolle bei der nachhaltigen Bewirtschaftung von Grundwasserressourcen. Bei der SIERA Alliance beinhaltet dies:<\/p><ul><li><strong>K\u00fcnstliche Anreicherungssysteme<\/strong>\u00a0wie R\u00fcckschlagd\u00e4mme, Anreicherungsbrunnen und Versickerungsbecken zur Wiederauff\u00fcllung von Grundwasserleitern<\/li><li><strong>Geodaten- und Fernerkundungstools<\/strong>\u00a0um die Hydrogeologie zu bewerten und Anreicherungsstrategien zu optimieren<\/li><li><strong>IoT-gest\u00fctzte \u00dcberwachung und pr\u00e4diktive Modellierung<\/strong>\u00a0um den Grundwasserspiegel zu verfolgen und langfristige Trends vorherzusagen<\/li><li><strong>Zentralisierte Datenplattformen<\/strong>\u00a0f\u00fcr informierte Wasserbewirtschaftung und Entscheidungsfindung der Interessengruppen<\/li><\/ul><p><br \/>Von der Sicherung des Grundwasserspiegels bis zur Planung der zuk\u00fcnftigen Versorgung bieten die Grundwasserl\u00f6sungen von SIERA belastbare Wege angesichts von Klimastress und wachsender Nachfrage.<\/p>\t\t\t\t\t\t\t\t<\/div>\n\t\t\t\t<\/div>\n\t\t<div class=\"elementor-element elementor-element-8acce80 e-con-full e-flex e-con e-child\" data-id=\"8acce80\" data-element_type=\"container\" data-e-type=\"container\">\n\t\t\t\t<div class=\"elementor-element elementor-element-62dae8b elementor-widget__width-initial elementor-widget elementor-widget-image\" data-id=\"62dae8b\" data-element_type=\"widget\" data-e-type=\"widget\" data-widget_type=\"image.default\">\n\t\t\t\t\t\t\t\t\t\t\t\t\t\t\t<img fetchpriority=\"high\" decoding=\"async\" width=\"800\" height=\"534\" src=\"https:\/\/siera.com\/wp-content\/uploads\/siera-alliance-environmental-solutions-63-1.webp\" class=\"attachment-large size-large wp-image-4993\" alt=\"\" srcset=\"https:\/\/siera.com\/wp-content\/uploads\/siera-alliance-environmental-solutions-63-1.webp 1000w, https:\/\/siera.com\/wp-content\/uploads\/siera-alliance-environmental-solutions-63-1-300x200.webp 300w, https:\/\/siera.com\/wp-content\/uploads\/siera-alliance-environmental-solutions-63-1-768x512.webp 768w, https:\/\/siera.com\/wp-content\/uploads\/siera-alliance-environmental-solutions-63-1-18x12.webp 18w\" sizes=\"(max-width: 800px) 100vw, 800px\" \/>\t\t\t\t\t\t\t\t\t\t\t\t\t\t\t<\/div>\n\t\t\t\t<div class=\"elementor-element elementor-element-3beb83a elementor-widget__width-initial elementor-absolute elementor-widget elementor-widget-image\" data-id=\"3beb83a\" data-element_type=\"widget\" data-e-type=\"widget\" data-settings=\"{&quot;_position&quot;:&quot;absolute&quot;}\" data-widget_type=\"image.default\">\n\t\t\t\t\t\t\t\t\t\t\t\t\t\t\t<img decoding=\"async\" width=\"800\" height=\"532\" src=\"https:\/\/siera.com\/wp-content\/uploads\/siera-alliance-environmental-solutions-59.webp\" class=\"attachment-large size-large wp-image-4992\" alt=\"\" srcset=\"https:\/\/siera.com\/wp-content\/uploads\/siera-alliance-environmental-solutions-59.webp 1000w, https:\/\/siera.com\/wp-content\/uploads\/siera-alliance-environmental-solutions-59-300x200.webp 300w, https:\/\/siera.com\/wp-content\/uploads\/siera-alliance-environmental-solutions-59-768x511.webp 768w, https:\/\/siera.com\/wp-content\/uploads\/siera-alliance-environmental-solutions-59-18x12.webp 18w\" sizes=\"(max-width: 800px) 100vw, 800px\" \/>\t\t\t\t\t\t\t\t\t\t\t\t\t\t\t<\/div>\n\t\t\t\t<\/div>\n\t\t\t\t\t<\/div>\n\t\t\t\t<\/div>\n\t\t<div class=\"elementor-element elementor-element-d779629 e-flex e-con-boxed e-con e-parent\" data-id=\"d779629\" data-element_type=\"container\" data-e-type=\"container\" data-settings=\"{&quot;background_background&quot;:&quot;classic&quot;}\">\n\t\t\t\t\t<div class=\"e-con-inner\">\n\t\t<div class=\"elementor-element elementor-element-0588e25 e-con-full e-flex e-con e-child\" data-id=\"0588e25\" data-element_type=\"container\" data-e-type=\"container\">\n\t\t\t\t<div class=\"elementor-element elementor-element-bf321b2 elementor-widget__width-initial elementor-widget elementor-widget-heading\" data-id=\"bf321b2\" data-element_type=\"widget\" data-e-type=\"widget\" data-widget_type=\"heading.default\">\n\t\t\t\t\t<h5 class=\"elementor-heading-title elementor-size-default\">Umwelttechnische L\u00f6sungen<\/h5>\t\t\t\t<\/div>\n\t\t\t\t<div class=\"elementor-element elementor-element-cd152be elementor-widget__width-initial elementor-widget elementor-widget-heading\" data-id=\"cd152be\" data-element_type=\"widget\" data-e-type=\"widget\" data-widget_type=\"heading.default\">\n\t\t\t\t\t<h2 class=\"elementor-heading-title elementor-size-default\">Technik f\u00fcr ein besseres Morgen <\/h2>\t\t\t\t<\/div>\n\t\t\t\t<div class=\"elementor-element elementor-element-5ee43c6 elementor-widget__width-initial elementor-widget elementor-widget-text-editor\" data-id=\"5ee43c6\" data-element_type=\"widget\" data-e-type=\"widget\" data-widget_type=\"text-editor.default\">\n\t\t\t\t\t\t\t\t\t<p>Umwelttechnische L\u00f6sungen organisieren die Auswirkungen in diesen Schwerpunktbereichen, in denen der Wandel greifbar wird.<\/p>\t\t\t\t\t\t\t\t<\/div>\n\t\t\t\t<\/div>\n\t\t<div class=\"elementor-element elementor-element-d02d867 e-con-full e-flex e-con e-child\" data-id=\"d02d867\" data-element_type=\"container\" data-e-type=\"container\">\n\t\t\t\t<div class=\"elementor-element elementor-element-68e621d elementor-flip-box--effect-slide elementor-widget__width-initial elementor-flip-box--direction-up elementor-widget elementor-widget-flip-box\" data-id=\"68e621d\" data-element_type=\"widget\" data-e-type=\"widget\" data-widget_type=\"flip-box.default\">\n\t\t\t\t\t\t\t<div class=\"elementor-flip-box\" tabindex=\"0\">\n\t\t\t<div class=\"elementor-flip-box__layer elementor-flip-box__front\">\n\t\t\t\t<div class=\"elementor-flip-box__layer__overlay\">\n\t\t\t\t\t<div class=\"elementor-flip-box__layer__inner\">\n\t\t\t\t\t\t\n\t\t\t\t\t\t\t\t\t\t\t\t\t<h3 class=\"elementor-flip-box__layer__title\">\n\t\t\t\t\t\t\t\tGrundwassermanagement\t\t\t\t\t\t\t<\/h3>\n\t\t\t\t\t\t\n\t\t\t\t\t\t\t\t\t\t\t<\/div>\n\t\t\t\t<\/div>\n\t\t\t<\/div>\n\t\t\t<a class=\"elementor-flip-box__layer elementor-flip-box__back\" href=\"https:\/\/siera.com\/de\/solutions\/water\/groundwater-management\/\">\n\t\t\t<div class=\"elementor-flip-box__layer__overlay\">\n\t\t\t\t<div class=\"elementor-flip-box__layer__inner\">\n\t\t\t\t\t\n\t\t\t\t\t\t\t\t\t\t\t<div class=\"elementor-flip-box__layer__description\">\n\t\t\t\t\t\t\tDie Umwelttechnik spielt eine zentrale Rolle bei der nachhaltigen Bewirtschaftung von Grundwasserressourcen. \t\t\t\t\t\t<\/div>\n\t\t\t\t\t\n\t\t\t\t\t\t\t\t\t\t\t<span class=\"elementor-flip-box__button elementor-button elementor-size-sm\">\n\t\t\t\t\t\t\tMehr erfahren\t\t\t\t\t\t<\/span>\n\t\t\t\t\t\t\t\t<\/div>\n\t\t<\/div>\n\t\t<\/a>\n\t\t<\/div>\n\t\t\t\t\t\t<\/div>\n\t\t\t\t<div class=\"elementor-element elementor-element-3c8ad4b elementor-flip-box--effect-slide elementor-widget__width-initial elementor-flip-box--direction-up elementor-widget elementor-widget-flip-box\" data-id=\"3c8ad4b\" data-element_type=\"widget\" data-e-type=\"widget\" data-widget_type=\"flip-box.default\">\n\t\t\t\t\t\t\t<div class=\"elementor-flip-box\" tabindex=\"0\">\n\t\t\t<div class=\"elementor-flip-box__layer elementor-flip-box__front\">\n\t\t\t\t<div class=\"elementor-flip-box__layer__overlay\">\n\t\t\t\t\t<div class=\"elementor-flip-box__layer__inner\">\n\t\t\t\t\t\t\n\t\t\t\t\t\t\t\t\t\t\t\t\t<h3 class=\"elementor-flip-box__layer__title\">\n\t\t\t\t\t\t\t\tOberfl\u00e4chenwasser-Management\t\t\t\t\t\t\t<\/h3>\n\t\t\t\t\t\t\n\t\t\t\t\t\t\t\t\t\t\t<\/div>\n\t\t\t\t<\/div>\n\t\t\t<\/div>\n\t\t\t<a class=\"elementor-flip-box__layer elementor-flip-box__back\" href=\"https:\/\/siera.com\/de\/solutions\/water\/surface-water-management\/\">\n\t\t\t<div class=\"elementor-flip-box__layer__overlay\">\n\t\t\t\t<div class=\"elementor-flip-box__layer__inner\">\n\t\t\t\t\t\n\t\t\t\t\t\t\t\t\t\t\t<div class=\"elementor-flip-box__layer__description\">\n\t\t\t\t\t\t\tDie Umweltingenieure der SIERA Alliance liefern umfassende Strategien f\u00fcr eine \u00f6kologisch sensible und hydraulisch effiziente Bewirtschaftung von Oberfl\u00e4chengew\u00e4ssern. \t\t\t\t\t\t<\/div>\n\t\t\t\t\t\n\t\t\t\t\t\t\t\t\t\t\t<span class=\"elementor-flip-box__button elementor-button elementor-size-sm\">\n\t\t\t\t\t\t\tMehr erfahren\t\t\t\t\t\t<\/span>\n\t\t\t\t\t\t\t\t<\/div>\n\t\t<\/div>\n\t\t<\/a>\n\t\t<\/div>\n\t\t\t\t\t\t<\/div>\n\t\t\t\t<div class=\"elementor-element elementor-element-bc86ce0 elementor-flip-box--effect-slide elementor-widget__width-initial elementor-flip-box--direction-up elementor-widget elementor-widget-flip-box\" data-id=\"bc86ce0\" data-element_type=\"widget\" data-e-type=\"widget\" data-widget_type=\"flip-box.default\">\n\t\t\t\t\t\t\t<div class=\"elementor-flip-box\" tabindex=\"0\">\n\t\t\t<div class=\"elementor-flip-box__layer elementor-flip-box__front\">\n\t\t\t\t<div class=\"elementor-flip-box__layer__overlay\">\n\t\t\t\t\t<div class=\"elementor-flip-box__layer__inner\">\n\t\t\t\t\t\t\n\t\t\t\t\t\t\t\t\t\t\t\t\t<h3 class=\"elementor-flip-box__layer__title\">\n\t\t\t\t\t\t\t\tWasserbau und Hochwasserschutz\t\t\t\t\t\t\t<\/h3>\n\t\t\t\t\t\t\n\t\t\t\t\t\t\t\t\t\t\t<\/div>\n\t\t\t\t<\/div>\n\t\t\t<\/div>\n\t\t\t<a class=\"elementor-flip-box__layer elementor-flip-box__back\" href=\"https:\/\/siera.com\/de\/solutions\/water\/hydraulic-engineering-and-flood-protection\/\">\n\t\t\t<div class=\"elementor-flip-box__layer__overlay\">\n\t\t\t\t<div class=\"elementor-flip-box__layer__inner\">\n\t\t\t\t\t\n\t\t\t\t\t\t\t\t\t\t\t<div class=\"elementor-flip-box__layer__description\">\n\t\t\t\t\t\t\tDie SIERA Alliance ist f\u00fchrend bei der Planung und Umsetzung von Hochwasserschutzma\u00dfnahmen, die auf technischen Spitzenleistungen beruhen. \t\t\t\t\t\t<\/div>\n\t\t\t\t\t\n\t\t\t\t\t\t\t\t\t\t\t<span class=\"elementor-flip-box__button elementor-button elementor-size-sm\">\n\t\t\t\t\t\t\tMehr erfahren\t\t\t\t\t\t<\/span>\n\t\t\t\t\t\t\t\t<\/div>\n\t\t<\/div>\n\t\t<\/a>\n\t\t<\/div>\n\t\t\t\t\t\t<\/div>\n\t\t\t\t<div class=\"elementor-element elementor-element-06dff50 elementor-flip-box--effect-slide elementor-widget__width-initial elementor-flip-box--direction-up elementor-widget elementor-widget-flip-box\" data-id=\"06dff50\" data-element_type=\"widget\" data-e-type=\"widget\" data-widget_type=\"flip-box.default\">\n\t\t\t\t\t\t\t<div class=\"elementor-flip-box\" tabindex=\"0\">\n\t\t\t<div class=\"elementor-flip-box__layer elementor-flip-box__front\">\n\t\t\t\t<div class=\"elementor-flip-box__layer__overlay\">\n\t\t\t\t\t<div class=\"elementor-flip-box__layer__inner\">\n\t\t\t\t\t\t\n\t\t\t\t\t\t\t\t\t\t\t\t\t<h3 class=\"elementor-flip-box__layer__title\">\n\t\t\t\t\t\t\t\tSt\u00e4dtische Wasserwirtschaft\t\t\t\t\t\t\t<\/h3>\n\t\t\t\t\t\t\n\t\t\t\t\t\t\t\t\t\t\t<\/div>\n\t\t\t\t<\/div>\n\t\t\t<\/div>\n\t\t\t<a class=\"elementor-flip-box__layer elementor-flip-box__back\" href=\"https:\/\/siera.com\/de\/solutions\/water\/urban-water-management\/\">\n\t\t\t<div class=\"elementor-flip-box__layer__overlay\">\n\t\t\t\t<div class=\"elementor-flip-box__layer__inner\">\n\t\t\t\t\t\n\t\t\t\t\t\t\t\t\t\t\t<div class=\"elementor-flip-box__layer__description\">\n\t\t\t\t\t\t\tUmwelttechnik erm\u00f6glicht effiziente und nachhaltige st\u00e4dtische Wassersysteme. \t\t\t\t\t\t<\/div>\n\t\t\t\t\t\n\t\t\t\t\t\t\t\t\t\t\t<span class=\"elementor-flip-box__button elementor-button elementor-size-sm\">\n\t\t\t\t\t\t\tMehr erfahren\t\t\t\t\t\t<\/span>\n\t\t\t\t\t\t\t\t<\/div>\n\t\t<\/div>\n\t\t<\/a>\n\t\t<\/div>\n\t\t\t\t\t\t<\/div>\n\t\t\t\t<\/div>\n\t\t\t\t\t<\/div>\n\t\t\t\t<\/div>\n\t\t\t\t<\/div>","protected":false},"excerpt":{"rendered":"<p>Engineering for a Better Tomorrow Groundwater Management Environmental engineering provides the foundation for sustainable water stewardship\u2014ensuring the availability, quality, and resilience of water. Environmental Engineering Solutions Groundwater Management Environmental engineering plays a central role in managing groundwater resources sustainably. At SIERA Alliance, this involves: Artificial Recharge Systems\u00a0such as check dams, recharge wells, and percolation tanks [&hellip;]<\/p>\n","protected":false},"author":10,"featured_media":0,"parent":1297,"menu_order":0,"comment_status":"closed","ping_status":"closed","template":"elementor_header_footer","meta":{"_acf_changed":false,"footnotes":""},"class_list":["post-4990","page","type-page","status-publish","hentry"],"acf":[],"_links":{"self":[{"href":"https:\/\/siera.com\/de\/wp-json\/wp\/v2\/pages\/4990","targetHints":{"allow":["GET"]}}],"collection":[{"href":"https:\/\/siera.com\/de\/wp-json\/wp\/v2\/pages"}],"about":[{"href":"https:\/\/siera.com\/de\/wp-json\/wp\/v2\/types\/page"}],"author":[{"embeddable":true,"href":"https:\/\/siera.com\/de\/wp-json\/wp\/v2\/users\/10"}],"replies":[{"embeddable":true,"href":"https:\/\/siera.com\/de\/wp-json\/wp\/v2\/comments?post=4990"}],"version-history":[{"count":7,"href":"https:\/\/siera.com\/de\/wp-json\/wp\/v2\/pages\/4990\/revisions"}],"predecessor-version":[{"id":5162,"href":"https:\/\/siera.com\/de\/wp-json\/wp\/v2\/pages\/4990\/revisions\/5162"}],"up":[{"embeddable":true,"href":"https:\/\/siera.com\/de\/wp-json\/wp\/v2\/pages\/1297"}],"wp:attachment":[{"href":"https:\/\/siera.com\/de\/wp-json\/wp\/v2\/media?parent=4990"}],"curies":[{"name":"wp","href":"https:\/\/api.w.org\/{rel}","templated":true}]}}