{"id":4975,"date":"2026-04-09T08:16:02","date_gmt":"2026-04-09T08:16:02","guid":{"rendered":"https:\/\/siera.com\/?page_id=4975"},"modified":"2026-04-09T10:01:50","modified_gmt":"2026-04-09T10:01:50","slug":"building-decontamination","status":"publish","type":"page","link":"https:\/\/siera.com\/de\/solutions\/environmental-protection\/building-decontamination\/","title":{"rendered":"Dekontamination von Geb\u00e4uden"},"content":{"rendered":"<div data-elementor-type=\"wp-page\" data-elementor-id=\"4975\" class=\"elementor elementor-4975\" data-elementor-post-type=\"page\">\n\t\t\t\t<div class=\"elementor-element elementor-element-f3a52ba e-flex e-con-boxed e-con e-parent\" data-id=\"f3a52ba\" data-element_type=\"container\" data-e-type=\"container\" data-settings=\"{&quot;background_background&quot;:&quot;classic&quot;}\">\n\t\t\t\t\t<div class=\"e-con-inner\">\n\t\t\t\t<div class=\"elementor-element elementor-element-f880b88 elementor-widget elementor-widget-heading\" data-id=\"f880b88\" data-element_type=\"widget\" data-e-type=\"widget\" data-widget_type=\"heading.default\">\n\t\t\t\t\t<h5 class=\"elementor-heading-title elementor-size-default\">Engineering For A Better Tomorrow<\/h5>\t\t\t\t<\/div>\n\t\t\t\t<div class=\"elementor-element elementor-element-8b2ca70 elementor-widget elementor-widget-heading\" data-id=\"8b2ca70\" data-element_type=\"widget\" data-e-type=\"widget\" data-widget_type=\"heading.default\">\n\t\t\t\t\t<h1 class=\"elementor-heading-title elementor-size-default\">Dekontamination von Geb\u00e4uden\n<\/h1>\t\t\t\t<\/div>\n\t\t\t\t<div class=\"elementor-element elementor-element-852135e elementor-widget__width-initial elementor-widget elementor-widget-text-editor\" data-id=\"852135e\" data-element_type=\"widget\" data-e-type=\"widget\" data-widget_type=\"text-editor.default\">\n\t\t\t\t\t\t\t\t\t<p>Die Umwelttechnik steht an der Spitze des Umweltschutzes.<\/p>\t\t\t\t\t\t\t\t<\/div>\n\t\t\t\t\t<\/div>\n\t\t\t\t<\/div>\n\t\t<div class=\"elementor-element elementor-element-5678bc7 e-flex e-con-boxed e-con e-parent\" data-id=\"5678bc7\" data-element_type=\"container\" data-e-type=\"container\" data-settings=\"{&quot;background_background&quot;:&quot;classic&quot;}\">\n\t\t\t\t\t<div class=\"e-con-inner\">\n\t\t<div class=\"elementor-element elementor-element-b423d51 e-con-full e-flex e-con e-child\" data-id=\"b423d51\" data-element_type=\"container\" data-e-type=\"container\">\n\t\t\t\t<div class=\"elementor-element elementor-element-e6e5560 elementor-widget__width-initial elementor-widget elementor-widget-heading\" data-id=\"e6e5560\" data-element_type=\"widget\" data-e-type=\"widget\" data-widget_type=\"heading.default\">\n\t\t\t\t\t<h5 class=\"elementor-heading-title elementor-size-default\">Umwelttechnische L\u00f6sungen<\/h5>\t\t\t\t<\/div>\n\t\t\t\t<div class=\"elementor-element elementor-element-f195854 elementor-widget__width-initial elementor-widget elementor-widget-heading\" data-id=\"f195854\" data-element_type=\"widget\" data-e-type=\"widget\" data-widget_type=\"heading.default\">\n\t\t\t\t\t<h2 class=\"elementor-heading-title elementor-size-default\">Dekontamination von Geb\u00e4uden\n<\/h2>\t\t\t\t<\/div>\n\t\t\t\t<div class=\"elementor-element elementor-element-3f5df24 elementor-widget__width-initial elementor-widget elementor-widget-text-editor\" data-id=\"3f5df24\" data-element_type=\"widget\" data-e-type=\"widget\" data-widget_type=\"text-editor.default\">\n\t\t\t\t\t\t\t\t\t<p>Die Umwelttechnik unterst\u00fctzt die Dekontaminierung von Geb\u00e4uden, um Gesundheitsrisiken f\u00fcr die Bewohner und Umweltbelastungen zu verringern. Dazu geh\u00f6ren:<\/p><ul><li><strong>Gefahrenerkennung und Eind\u00e4mmungstechnik<\/strong>\u00a0gef\u00e4hrliche Materialien bei Renovierungen zu isolieren und zu neutralisieren<\/li><li><strong>Nachhaltige R\u00fcckbautechniken<\/strong>\u00a0die den Abfall minimieren und eine sichere Materialentsorgung erm\u00f6glichen<\/li><li><strong>M\u00f6glichkeiten f\u00fcr nachhaltige Nachr\u00fcstung<\/strong>\u00a0durch die Integration von energieeffizienten und schadstoffarmen L\u00f6sungen in den Lebenszyklus von Geb\u00e4uden<\/li><\/ul><p><br \/>Durch die Bem\u00fchungen der SIERA Alliance wird die Geb\u00e4udesanierung zu einem Weg zu einer sichereren, gr\u00fcneren und umweltfreundlicheren Architektur.<\/p>\t\t\t\t\t\t\t\t<\/div>\n\t\t\t\t<\/div>\n\t\t<div class=\"elementor-element elementor-element-8acce80 e-con-full e-flex e-con e-child\" data-id=\"8acce80\" data-element_type=\"container\" data-e-type=\"container\">\n\t\t\t\t<div class=\"elementor-element elementor-element-62dae8b elementor-widget__width-initial elementor-widget elementor-widget-image\" data-id=\"62dae8b\" data-element_type=\"widget\" data-e-type=\"widget\" data-widget_type=\"image.default\">\n\t\t\t\t\t\t\t\t\t\t\t\t\t\t\t<img fetchpriority=\"high\" decoding=\"async\" width=\"800\" height=\"534\" src=\"https:\/\/siera.com\/wp-content\/uploads\/siera-alliance-environment-protection-images-11-1.webp\" class=\"attachment-large size-large wp-image-4978\" alt=\"\" srcset=\"https:\/\/siera.com\/wp-content\/uploads\/siera-alliance-environment-protection-images-11-1.webp 1000w, https:\/\/siera.com\/wp-content\/uploads\/siera-alliance-environment-protection-images-11-1-300x200.webp 300w, https:\/\/siera.com\/wp-content\/uploads\/siera-alliance-environment-protection-images-11-1-768x512.webp 768w, https:\/\/siera.com\/wp-content\/uploads\/siera-alliance-environment-protection-images-11-1-18x12.webp 18w\" sizes=\"(max-width: 800px) 100vw, 800px\" \/>\t\t\t\t\t\t\t\t\t\t\t\t\t\t\t<\/div>\n\t\t\t\t<div class=\"elementor-element elementor-element-3beb83a elementor-widget__width-initial elementor-absolute elementor-widget elementor-widget-image\" data-id=\"3beb83a\" data-element_type=\"widget\" data-e-type=\"widget\" data-settings=\"{&quot;_position&quot;:&quot;absolute&quot;}\" data-widget_type=\"image.default\">\n\t\t\t\t\t\t\t\t\t\t\t\t\t\t\t<img decoding=\"async\" width=\"800\" height=\"534\" src=\"https:\/\/siera.com\/wp-content\/uploads\/siera-alliance-environment-protection-images-1.webp\" class=\"attachment-large size-large wp-image-4977\" alt=\"\" srcset=\"https:\/\/siera.com\/wp-content\/uploads\/siera-alliance-environment-protection-images-1.webp 1000w, https:\/\/siera.com\/wp-content\/uploads\/siera-alliance-environment-protection-images-1-300x200.webp 300w, https:\/\/siera.com\/wp-content\/uploads\/siera-alliance-environment-protection-images-1-768x513.webp 768w, https:\/\/siera.com\/wp-content\/uploads\/siera-alliance-environment-protection-images-1-18x12.webp 18w\" sizes=\"(max-width: 800px) 100vw, 800px\" \/>\t\t\t\t\t\t\t\t\t\t\t\t\t\t\t<\/div>\n\t\t\t\t<\/div>\n\t\t\t\t\t<\/div>\n\t\t\t\t<\/div>\n\t\t<div class=\"elementor-element elementor-element-0aa44e6 e-flex e-con-boxed e-con e-parent\" data-id=\"0aa44e6\" data-element_type=\"container\" data-e-type=\"container\" data-settings=\"{&quot;background_background&quot;:&quot;classic&quot;}\">\n\t\t\t\t\t<div class=\"e-con-inner\">\n\t\t<div class=\"elementor-element elementor-element-2a88330 e-con-full e-flex e-con e-child\" data-id=\"2a88330\" data-element_type=\"container\" data-e-type=\"container\">\n\t\t\t\t<div class=\"elementor-element elementor-element-ffe377c elementor-widget__width-initial elementor-widget elementor-widget-heading\" data-id=\"ffe377c\" data-element_type=\"widget\" data-e-type=\"widget\" data-widget_type=\"heading.default\">\n\t\t\t\t\t<h5 class=\"elementor-heading-title elementor-size-default\">Umwelttechnische L\u00f6sungen<\/h5>\t\t\t\t<\/div>\n\t\t\t\t<div class=\"elementor-element elementor-element-7effaea elementor-widget__width-initial elementor-widget elementor-widget-heading\" data-id=\"7effaea\" data-element_type=\"widget\" data-e-type=\"widget\" data-widget_type=\"heading.default\">\n\t\t\t\t\t<h2 class=\"elementor-heading-title elementor-size-default\">Technik f\u00fcr ein besseres Morgen <\/h2>\t\t\t\t<\/div>\n\t\t\t\t<div class=\"elementor-element elementor-element-4b13186 elementor-widget__width-initial elementor-widget elementor-widget-text-editor\" data-id=\"4b13186\" data-element_type=\"widget\" data-e-type=\"widget\" data-widget_type=\"text-editor.default\">\n\t\t\t\t\t\t\t\t\t<p>Umwelttechnische L\u00f6sungen organisieren die Auswirkungen in diesen Schwerpunktbereichen, in denen der Wandel greifbar wird.<\/p>\t\t\t\t\t\t\t\t<\/div>\n\t\t\t\t<\/div>\n\t\t<div class=\"elementor-element elementor-element-ed963ec e-con-full e-flex e-con e-child\" data-id=\"ed963ec\" data-element_type=\"container\" data-e-type=\"container\">\n\t\t\t\t<div class=\"elementor-element elementor-element-6f6420a elementor-flip-box--effect-slide elementor-widget__width-initial elementor-flip-box--direction-up elementor-widget elementor-widget-flip-box\" data-id=\"6f6420a\" data-element_type=\"widget\" data-e-type=\"widget\" data-widget_type=\"flip-box.default\">\n\t\t\t\t\t\t\t<div class=\"elementor-flip-box\" tabindex=\"0\">\n\t\t\t<div class=\"elementor-flip-box__layer elementor-flip-box__front\">\n\t\t\t\t<div class=\"elementor-flip-box__layer__overlay\">\n\t\t\t\t\t<div class=\"elementor-flip-box__layer__inner\">\n\t\t\t\t\t\t\n\t\t\t\t\t\t\t\t\t\t\t\t\t<h3 class=\"elementor-flip-box__layer__title\">\n\t\t\t\t\t\t\t\tBodenkunde \t\t\t\t\t\t\t<\/h3>\n\t\t\t\t\t\t\n\t\t\t\t\t\t\t\t\t\t\t<\/div>\n\t\t\t\t<\/div>\n\t\t\t<\/div>\n\t\t\t<a class=\"elementor-flip-box__layer elementor-flip-box__back\" href=\"https:\/\/siera.com\/de\/solutions\/environmental-protection\/soil-sciences\/\">\n\t\t\t<div class=\"elementor-flip-box__layer__overlay\">\n\t\t\t\t<div class=\"elementor-flip-box__layer__inner\">\n\t\t\t\t\t\n\t\t\t\t\t\t\t\t\t\t\t<div class=\"elementor-flip-box__layer__description\">\n\t\t\t\t\t\t\tDie Umwelttechnik ist das Herzst\u00fcck der Bodenwissenschaften, wo die SIERA Alliance Pr\u00e4zision und Innovation einsetzt, um nachhaltige Landnutzung und -entwicklung zu gestalten. \t\t\t\t\t\t<\/div>\n\t\t\t\t\t\n\t\t\t\t\t\t\t\t\t\t\t<span class=\"elementor-flip-box__button elementor-button elementor-size-sm\">\n\t\t\t\t\t\t\tMehr erfahren\t\t\t\t\t\t<\/span>\n\t\t\t\t\t\t\t\t<\/div>\n\t\t<\/div>\n\t\t<\/a>\n\t\t<\/div>\n\t\t\t\t\t\t<\/div>\n\t\t\t\t<div class=\"elementor-element elementor-element-75ecf1d elementor-flip-box--effect-slide elementor-widget__width-initial elementor-flip-box--direction-up elementor-widget elementor-widget-flip-box\" data-id=\"75ecf1d\" data-element_type=\"widget\" data-e-type=\"widget\" data-widget_type=\"flip-box.default\">\n\t\t\t\t\t\t\t<div class=\"elementor-flip-box\" tabindex=\"0\">\n\t\t\t<div class=\"elementor-flip-box__layer elementor-flip-box__front\">\n\t\t\t\t<div class=\"elementor-flip-box__layer__overlay\">\n\t\t\t\t\t<div class=\"elementor-flip-box__layer__inner\">\n\t\t\t\t\t\t\n\t\t\t\t\t\t\t\t\t\t\t\t\t<h3 class=\"elementor-flip-box__layer__title\">\n\t\t\t\t\t\t\t\tGeb\u00e4ude-Sanierung \t\t\t\t\t\t\t<\/h3>\n\t\t\t\t\t\t\n\t\t\t\t\t\t\t\t\t\t\t<\/div>\n\t\t\t\t<\/div>\n\t\t\t<\/div>\n\t\t\t<a class=\"elementor-flip-box__layer elementor-flip-box__back\" href=\"https:\/\/siera.com\/de\/solutions\/environmental-protection\/building-remediation\/\">\n\t\t\t<div class=\"elementor-flip-box__layer__overlay\">\n\t\t\t\t<div class=\"elementor-flip-box__layer__inner\">\n\t\t\t\t\t\n\t\t\t\t\t\t\t\t\t\t\t<div class=\"elementor-flip-box__layer__description\">\n\t\t\t\t\t\t\tUmwelttechnik ist unerl\u00e4sslich f\u00fcr die Sanierung von Geb\u00e4uden, die durch historische Schadstoffe und gef\u00e4hrliche Materialien belastet sind\t\t\t\t\t\t<\/div>\n\t\t\t\t\t\n\t\t\t\t\t\t\t\t\t\t\t<span class=\"elementor-flip-box__button elementor-button elementor-size-sm\">\n\t\t\t\t\t\t\tMehr erfahren\t\t\t\t\t\t<\/span>\n\t\t\t\t\t\t\t\t<\/div>\n\t\t<\/div>\n\t\t<\/a>\n\t\t<\/div>\n\t\t\t\t\t\t<\/div>\n\t\t\t\t<div class=\"elementor-element elementor-element-211db53 elementor-flip-box--effect-slide elementor-widget__width-initial elementor-flip-box--direction-up elementor-widget elementor-widget-flip-box\" data-id=\"211db53\" data-element_type=\"widget\" data-e-type=\"widget\" data-widget_type=\"flip-box.default\">\n\t\t\t\t\t\t\t<div class=\"elementor-flip-box\" tabindex=\"0\">\n\t\t\t<div class=\"elementor-flip-box__layer elementor-flip-box__front\">\n\t\t\t\t<div class=\"elementor-flip-box__layer__overlay\">\n\t\t\t\t\t<div class=\"elementor-flip-box__layer__inner\">\n\t\t\t\t\t\t\n\t\t\t\t\t\t\t\t\t\t\t\t\t<h3 class=\"elementor-flip-box__layer__title\">\n\t\t\t\t\t\t\t\tSanierung von Minenstandorten \t\t\t\t\t\t\t<\/h3>\n\t\t\t\t\t\t\n\t\t\t\t\t\t\t\t\t\t\t<\/div>\n\t\t\t\t<\/div>\n\t\t\t<\/div>\n\t\t\t<a class=\"elementor-flip-box__layer elementor-flip-box__back\" href=\"https:\/\/siera.com\/de\/solutions\/environmental-protection\/mine-site-remediation\/\">\n\t\t\t<div class=\"elementor-flip-box__layer__overlay\">\n\t\t\t\t<div class=\"elementor-flip-box__layer__inner\">\n\t\t\t\t\t\n\t\t\t\t\t\t\t\t\t\t\t<div class=\"elementor-flip-box__layer__description\">\n\t\t\t\t\t\t\tDie Umweltingenieure der SIERA Alliance sind darauf spezialisiert, gesch\u00e4digte Bergbaulandschaften durch strategische Sanierungsma\u00dfnahmen und gemeinschaftsorientierte Innovationen zu sanieren. \t\t\t\t\t\t<\/div>\n\t\t\t\t\t\n\t\t\t\t\t\t\t\t\t\t\t<span class=\"elementor-flip-box__button elementor-button elementor-size-sm\">\n\t\t\t\t\t\t\tMehr erfahren\t\t\t\t\t\t<\/span>\n\t\t\t\t\t\t\t\t<\/div>\n\t\t<\/div>\n\t\t<\/a>\n\t\t<\/div>\n\t\t\t\t\t\t<\/div>\n\t\t\t\t<div class=\"elementor-element elementor-element-43d13c3 elementor-flip-box--effect-slide elementor-widget__width-initial elementor-flip-box--direction-up elementor-widget elementor-widget-flip-box\" data-id=\"43d13c3\" data-element_type=\"widget\" data-e-type=\"widget\" data-widget_type=\"flip-box.default\">\n\t\t\t\t\t\t\t<div class=\"elementor-flip-box\" tabindex=\"0\">\n\t\t\t<div class=\"elementor-flip-box__layer elementor-flip-box__front\">\n\t\t\t\t<div class=\"elementor-flip-box__layer__overlay\">\n\t\t\t\t\t<div class=\"elementor-flip-box__layer__inner\">\n\t\t\t\t\t\t\n\t\t\t\t\t\t\t\t\t\t\t\t\t<h3 class=\"elementor-flip-box__layer__title\">\n\t\t\t\t\t\t\t\tSaubere Technologie \t\t\t\t\t\t\t<\/h3>\n\t\t\t\t\t\t\n\t\t\t\t\t\t\t\t\t\t\t<\/div>\n\t\t\t\t<\/div>\n\t\t\t<\/div>\n\t\t\t<a class=\"elementor-flip-box__layer elementor-flip-box__back\" href=\"https:\/\/siera.com\/de\/solutions\/environmental-protection\/clean-tech\/\">\n\t\t\t<div class=\"elementor-flip-box__layer__overlay\">\n\t\t\t\t<div class=\"elementor-flip-box__layer__inner\">\n\t\t\t\t\t\n\t\t\t\t\t\t\t\t\t\t\t<div class=\"elementor-flip-box__layer__description\">\n\t\t\t\t\t\t\tSaubere Technologien sind das Herzst\u00fcck der Antwort der Umwelttechnik auf die modernen Herausforderungen der Nachhaltigkeit. \t\t\t\t\t\t<\/div>\n\t\t\t\t\t\n\t\t\t\t\t\t\t\t\t\t\t<span class=\"elementor-flip-box__button elementor-button elementor-size-sm\">\n\t\t\t\t\t\t\tMehr erfahren\t\t\t\t\t\t<\/span>\n\t\t\t\t\t\t\t\t<\/div>\n\t\t<\/div>\n\t\t<\/a>\n\t\t<\/div>\n\t\t\t\t\t\t<\/div>\n\t\t\t\t<\/div>\n\t\t\t\t\t<\/div>\n\t\t\t\t<\/div>\n\t\t\t\t<\/div>","protected":false},"excerpt":{"rendered":"<p>Engineering for a Better Tomorrow Building Decontamination Environmental engineering stands at the forefront of environmental protection. Environmental Engineering Solutions Building Decontamination Environmental engineering supports the decontamination of buildings to reduce occupant health risks and environmental burdens. This includes: Hazard Detection and Containment Engineering\u00a0to isolate and neutralize hazardous materials during renovations Sustainable Deconstruction Techniques\u00a0that minimize waste [&hellip;]<\/p>\n","protected":false},"author":10,"featured_media":0,"parent":1298,"menu_order":0,"comment_status":"closed","ping_status":"closed","template":"elementor_header_footer","meta":{"_acf_changed":false,"footnotes":""},"class_list":["post-4975","page","type-page","status-publish","hentry"],"acf":[],"_links":{"self":[{"href":"https:\/\/siera.com\/de\/wp-json\/wp\/v2\/pages\/4975","targetHints":{"allow":["GET"]}}],"collection":[{"href":"https:\/\/siera.com\/de\/wp-json\/wp\/v2\/pages"}],"about":[{"href":"https:\/\/siera.com\/de\/wp-json\/wp\/v2\/types\/page"}],"author":[{"embeddable":true,"href":"https:\/\/siera.com\/de\/wp-json\/wp\/v2\/users\/10"}],"replies":[{"embeddable":true,"href":"https:\/\/siera.com\/de\/wp-json\/wp\/v2\/comments?post=4975"}],"version-history":[{"count":7,"href":"https:\/\/siera.com\/de\/wp-json\/wp\/v2\/pages\/4975\/revisions"}],"predecessor-version":[{"id":5153,"href":"https:\/\/siera.com\/de\/wp-json\/wp\/v2\/pages\/4975\/revisions\/5153"}],"up":[{"embeddable":true,"href":"https:\/\/siera.com\/de\/wp-json\/wp\/v2\/pages\/1298"}],"wp:attachment":[{"href":"https:\/\/siera.com\/de\/wp-json\/wp\/v2\/media?parent=4975"}],"curies":[{"name":"wp","href":"https:\/\/api.w.org\/{rel}","templated":true}]}}