{"id":4960,"date":"2026-04-09T08:05:45","date_gmt":"2026-04-09T08:05:45","guid":{"rendered":"https:\/\/siera.com\/?page_id=4960"},"modified":"2026-04-09T10:01:19","modified_gmt":"2026-04-09T10:01:19","slug":"building-remediation","status":"publish","type":"page","link":"https:\/\/siera.com\/de\/solutions\/environmental-protection\/building-remediation\/","title":{"rendered":"Geb\u00e4ude-Sanierung"},"content":{"rendered":"<div data-elementor-type=\"wp-page\" data-elementor-id=\"4960\" class=\"elementor elementor-4960\" data-elementor-post-type=\"page\">\n\t\t\t\t<div class=\"elementor-element elementor-element-f3a52ba e-flex e-con-boxed e-con e-parent\" data-id=\"f3a52ba\" data-element_type=\"container\" data-e-type=\"container\" data-settings=\"{&quot;background_background&quot;:&quot;classic&quot;}\">\n\t\t\t\t\t<div class=\"e-con-inner\">\n\t\t\t\t<div class=\"elementor-element elementor-element-f880b88 elementor-widget elementor-widget-heading\" data-id=\"f880b88\" data-element_type=\"widget\" data-e-type=\"widget\" data-widget_type=\"heading.default\">\n\t\t\t\t\t<h5 class=\"elementor-heading-title elementor-size-default\">Engineering For A Better Tomorrow<\/h5>\t\t\t\t<\/div>\n\t\t\t\t<div class=\"elementor-element elementor-element-8b2ca70 elementor-widget elementor-widget-heading\" data-id=\"8b2ca70\" data-element_type=\"widget\" data-e-type=\"widget\" data-widget_type=\"heading.default\">\n\t\t\t\t\t<h1 class=\"elementor-heading-title elementor-size-default\">Geb\u00e4ude-Sanierung<\/h1>\t\t\t\t<\/div>\n\t\t\t\t<div class=\"elementor-element elementor-element-852135e elementor-widget__width-initial elementor-widget elementor-widget-text-editor\" data-id=\"852135e\" data-element_type=\"widget\" data-e-type=\"widget\" data-widget_type=\"text-editor.default\">\n\t\t\t\t\t\t\t\t\t<p>Die Umwelttechnik steht an der Spitze des Umweltschutzes.<\/p>\t\t\t\t\t\t\t\t<\/div>\n\t\t\t\t\t<\/div>\n\t\t\t\t<\/div>\n\t\t<div class=\"elementor-element elementor-element-5678bc7 e-flex e-con-boxed e-con e-parent\" data-id=\"5678bc7\" data-element_type=\"container\" data-e-type=\"container\" data-settings=\"{&quot;background_background&quot;:&quot;classic&quot;}\">\n\t\t\t\t\t<div class=\"e-con-inner\">\n\t\t<div class=\"elementor-element elementor-element-b423d51 e-con-full e-flex e-con e-child\" data-id=\"b423d51\" data-element_type=\"container\" data-e-type=\"container\">\n\t\t\t\t<div class=\"elementor-element elementor-element-e6e5560 elementor-widget__width-initial elementor-widget elementor-widget-heading\" data-id=\"e6e5560\" data-element_type=\"widget\" data-e-type=\"widget\" data-widget_type=\"heading.default\">\n\t\t\t\t\t<h5 class=\"elementor-heading-title elementor-size-default\">Umwelttechnische L\u00f6sungen<\/h5>\t\t\t\t<\/div>\n\t\t\t\t<div class=\"elementor-element elementor-element-f195854 elementor-widget__width-initial elementor-widget elementor-widget-heading\" data-id=\"f195854\" data-element_type=\"widget\" data-e-type=\"widget\" data-widget_type=\"heading.default\">\n\t\t\t\t\t<h2 class=\"elementor-heading-title elementor-size-default\">Geb\u00e4ude-Sanierung<\/h2>\t\t\t\t<\/div>\n\t\t\t\t<div class=\"elementor-element elementor-element-3f5df24 elementor-widget__width-initial elementor-widget elementor-widget-text-editor\" data-id=\"3f5df24\" data-element_type=\"widget\" data-e-type=\"widget\" data-widget_type=\"text-editor.default\">\n\t\t\t\t\t\t\t\t\t<p>Die Umwelttechnik ist f\u00fcr die Sanierung von Geb\u00e4uden, die mit historischen Schadstoffen und gef\u00e4hrlichen Materialien belastet sind, unerl\u00e4sslich. Dazu geh\u00f6ren:<\/p><ul><li><strong>Identifizierung von Schadstoffen und Risikobewertung<\/strong>\u00a0Schadstoffe aufzudecken, die aufgrund veralteter Baupraktiken in Bauwerke eingebettet sind<\/li><li><strong>Modernste Sanierungsmethoden<\/strong>\u00a0die giftige Stoffe sicher beseitigen und so die Luftqualit\u00e4t in Innenr\u00e4umen und die \u00f6ffentliche Gesundheit verbessern<\/li><li><strong>M\u00f6glichkeiten f\u00fcr gr\u00fcne Renovierung<\/strong>\u00a0durch die Umwandlung von Sanierungsma\u00dfnahmen in Katalysatoren f\u00fcr nachhaltige Geb\u00e4udemodernisierungen<\/li><\/ul><p><br \/>Die Ingenieure der SIERA Alliance bringen Pr\u00e4zision und Sorgfalt in jedes Sanierungsprojekt ein und verwandeln Gesundheitsrisiken in sichere, lebenswerte und zukunftsf\u00e4hige Umgebungen.<\/p>\t\t\t\t\t\t\t\t<\/div>\n\t\t\t\t<\/div>\n\t\t<div class=\"elementor-element elementor-element-8acce80 e-con-full e-flex e-con e-child\" data-id=\"8acce80\" data-element_type=\"container\" data-e-type=\"container\">\n\t\t\t\t<div class=\"elementor-element elementor-element-62dae8b elementor-widget__width-initial elementor-widget elementor-widget-image\" data-id=\"62dae8b\" data-element_type=\"widget\" data-e-type=\"widget\" data-widget_type=\"image.default\">\n\t\t\t\t\t\t\t\t\t\t\t\t\t\t\t<img fetchpriority=\"high\" decoding=\"async\" width=\"800\" height=\"600\" src=\"https:\/\/siera.com\/wp-content\/uploads\/siera-alliance-environment-protection-images-10-1-1024x768.webp\" class=\"attachment-large size-large wp-image-4964\" alt=\"\" srcset=\"https:\/\/siera.com\/wp-content\/uploads\/siera-alliance-environment-protection-images-10-1-1024x768.webp 1024w, https:\/\/siera.com\/wp-content\/uploads\/siera-alliance-environment-protection-images-10-1-300x225.webp 300w, https:\/\/siera.com\/wp-content\/uploads\/siera-alliance-environment-protection-images-10-1-768x576.webp 768w, https:\/\/siera.com\/wp-content\/uploads\/siera-alliance-environment-protection-images-10-1-16x12.webp 16w, https:\/\/siera.com\/wp-content\/uploads\/siera-alliance-environment-protection-images-10-1.webp 1229w\" sizes=\"(max-width: 800px) 100vw, 800px\" \/>\t\t\t\t\t\t\t\t\t\t\t\t\t\t\t<\/div>\n\t\t\t\t<div class=\"elementor-element elementor-element-3beb83a elementor-widget__width-initial elementor-absolute elementor-widget elementor-widget-image\" data-id=\"3beb83a\" data-element_type=\"widget\" data-e-type=\"widget\" data-settings=\"{&quot;_position&quot;:&quot;absolute&quot;}\" data-widget_type=\"image.default\">\n\t\t\t\t\t\t\t\t\t\t\t\t\t\t\t<img decoding=\"async\" width=\"800\" height=\"534\" src=\"https:\/\/siera.com\/wp-content\/uploads\/siera-alliance-environment-protection-images-5-1024x683-1.webp\" class=\"attachment-large size-large wp-image-4963\" alt=\"\" srcset=\"https:\/\/siera.com\/wp-content\/uploads\/siera-alliance-environment-protection-images-5-1024x683-1.webp 1024w, https:\/\/siera.com\/wp-content\/uploads\/siera-alliance-environment-protection-images-5-1024x683-1-300x200.webp 300w, https:\/\/siera.com\/wp-content\/uploads\/siera-alliance-environment-protection-images-5-1024x683-1-768x512.webp 768w, https:\/\/siera.com\/wp-content\/uploads\/siera-alliance-environment-protection-images-5-1024x683-1-18x12.webp 18w\" sizes=\"(max-width: 800px) 100vw, 800px\" \/>\t\t\t\t\t\t\t\t\t\t\t\t\t\t\t<\/div>\n\t\t\t\t<\/div>\n\t\t\t\t\t<\/div>\n\t\t\t\t<\/div>\n\t\t<div class=\"elementor-element elementor-element-eb89641 e-flex e-con-boxed e-con e-parent\" data-id=\"eb89641\" data-element_type=\"container\" data-e-type=\"container\" data-settings=\"{&quot;background_background&quot;:&quot;classic&quot;}\">\n\t\t\t\t\t<div class=\"e-con-inner\">\n\t\t<div class=\"elementor-element elementor-element-0054b5c e-con-full e-flex e-con e-child\" data-id=\"0054b5c\" data-element_type=\"container\" data-e-type=\"container\">\n\t\t\t\t<div class=\"elementor-element elementor-element-4920d99 elementor-widget__width-initial elementor-widget elementor-widget-heading\" data-id=\"4920d99\" data-element_type=\"widget\" data-e-type=\"widget\" data-widget_type=\"heading.default\">\n\t\t\t\t\t<h5 class=\"elementor-heading-title elementor-size-default\">Umwelttechnische L\u00f6sungen<\/h5>\t\t\t\t<\/div>\n\t\t\t\t<div class=\"elementor-element elementor-element-73ae4f9 elementor-widget__width-initial elementor-widget elementor-widget-heading\" data-id=\"73ae4f9\" data-element_type=\"widget\" data-e-type=\"widget\" data-widget_type=\"heading.default\">\n\t\t\t\t\t<h2 class=\"elementor-heading-title elementor-size-default\">Technik f\u00fcr ein besseres Morgen <\/h2>\t\t\t\t<\/div>\n\t\t\t\t<div class=\"elementor-element elementor-element-ad717d0 elementor-widget__width-initial elementor-widget elementor-widget-text-editor\" data-id=\"ad717d0\" data-element_type=\"widget\" data-e-type=\"widget\" data-widget_type=\"text-editor.default\">\n\t\t\t\t\t\t\t\t\t<p>Umwelttechnische L\u00f6sungen organisieren die Auswirkungen in diesen Schwerpunktbereichen, in denen der Wandel greifbar wird.<\/p>\t\t\t\t\t\t\t\t<\/div>\n\t\t\t\t<\/div>\n\t\t<div class=\"elementor-element elementor-element-baf6510 e-con-full e-flex e-con e-child\" data-id=\"baf6510\" data-element_type=\"container\" data-e-type=\"container\">\n\t\t\t\t<div class=\"elementor-element elementor-element-9389ed0 elementor-flip-box--effect-slide elementor-widget__width-initial elementor-flip-box--direction-up elementor-widget elementor-widget-flip-box\" data-id=\"9389ed0\" data-element_type=\"widget\" data-e-type=\"widget\" data-widget_type=\"flip-box.default\">\n\t\t\t\t\t\t\t<div class=\"elementor-flip-box\" tabindex=\"0\">\n\t\t\t<div class=\"elementor-flip-box__layer elementor-flip-box__front\">\n\t\t\t\t<div class=\"elementor-flip-box__layer__overlay\">\n\t\t\t\t\t<div class=\"elementor-flip-box__layer__inner\">\n\t\t\t\t\t\t\n\t\t\t\t\t\t\t\t\t\t\t\t\t<h3 class=\"elementor-flip-box__layer__title\">\n\t\t\t\t\t\t\t\tBodenkunde \t\t\t\t\t\t\t<\/h3>\n\t\t\t\t\t\t\n\t\t\t\t\t\t\t\t\t\t\t<\/div>\n\t\t\t\t<\/div>\n\t\t\t<\/div>\n\t\t\t<a class=\"elementor-flip-box__layer elementor-flip-box__back\" href=\"https:\/\/siera.com\/de\/solutions\/environmental-protection\/soil-sciences\/\">\n\t\t\t<div class=\"elementor-flip-box__layer__overlay\">\n\t\t\t\t<div class=\"elementor-flip-box__layer__inner\">\n\t\t\t\t\t\n\t\t\t\t\t\t\t\t\t\t\t<div class=\"elementor-flip-box__layer__description\">\n\t\t\t\t\t\t\tDie Umwelttechnik ist das Herzst\u00fcck der Bodenwissenschaften, wo die SIERA Alliance Pr\u00e4zision und Innovation einsetzt, um nachhaltige Landnutzung und -entwicklung zu gestalten. \t\t\t\t\t\t<\/div>\n\t\t\t\t\t\n\t\t\t\t\t\t\t\t\t\t\t<span class=\"elementor-flip-box__button elementor-button elementor-size-sm\">\n\t\t\t\t\t\t\tMehr erfahren\t\t\t\t\t\t<\/span>\n\t\t\t\t\t\t\t\t<\/div>\n\t\t<\/div>\n\t\t<\/a>\n\t\t<\/div>\n\t\t\t\t\t\t<\/div>\n\t\t\t\t<div class=\"elementor-element elementor-element-8b0a912 elementor-flip-box--effect-slide elementor-widget__width-initial elementor-flip-box--direction-up elementor-widget elementor-widget-flip-box\" data-id=\"8b0a912\" data-element_type=\"widget\" data-e-type=\"widget\" data-widget_type=\"flip-box.default\">\n\t\t\t\t\t\t\t<div class=\"elementor-flip-box\" tabindex=\"0\">\n\t\t\t<div class=\"elementor-flip-box__layer elementor-flip-box__front\">\n\t\t\t\t<div class=\"elementor-flip-box__layer__overlay\">\n\t\t\t\t\t<div class=\"elementor-flip-box__layer__inner\">\n\t\t\t\t\t\t\n\t\t\t\t\t\t\t\t\t\t\t\t\t<h3 class=\"elementor-flip-box__layer__title\">\n\t\t\t\t\t\t\t\tSanierung von Minenstandorten \t\t\t\t\t\t\t<\/h3>\n\t\t\t\t\t\t\n\t\t\t\t\t\t\t\t\t\t\t<\/div>\n\t\t\t\t<\/div>\n\t\t\t<\/div>\n\t\t\t<a class=\"elementor-flip-box__layer elementor-flip-box__back\" href=\"https:\/\/siera.com\/de\/solutions\/environmental-protection\/mine-site-remediation\/\">\n\t\t\t<div class=\"elementor-flip-box__layer__overlay\">\n\t\t\t\t<div class=\"elementor-flip-box__layer__inner\">\n\t\t\t\t\t\n\t\t\t\t\t\t\t\t\t\t\t<div class=\"elementor-flip-box__layer__description\">\n\t\t\t\t\t\t\tDie Umweltingenieure der SIERA Alliance sind darauf spezialisiert, gesch\u00e4digte Bergbaulandschaften durch strategische Sanierungsma\u00dfnahmen und gemeinschaftsorientierte Innovationen zu sanieren. \t\t\t\t\t\t<\/div>\n\t\t\t\t\t\n\t\t\t\t\t\t\t\t\t\t\t<span class=\"elementor-flip-box__button elementor-button elementor-size-sm\">\n\t\t\t\t\t\t\tMehr erfahren\t\t\t\t\t\t<\/span>\n\t\t\t\t\t\t\t\t<\/div>\n\t\t<\/div>\n\t\t<\/a>\n\t\t<\/div>\n\t\t\t\t\t\t<\/div>\n\t\t\t\t<div class=\"elementor-element elementor-element-418f068 elementor-flip-box--effect-slide elementor-widget__width-initial elementor-flip-box--direction-up elementor-widget elementor-widget-flip-box\" data-id=\"418f068\" data-element_type=\"widget\" data-e-type=\"widget\" data-widget_type=\"flip-box.default\">\n\t\t\t\t\t\t\t<div class=\"elementor-flip-box\" tabindex=\"0\">\n\t\t\t<div class=\"elementor-flip-box__layer elementor-flip-box__front\">\n\t\t\t\t<div class=\"elementor-flip-box__layer__overlay\">\n\t\t\t\t\t<div class=\"elementor-flip-box__layer__inner\">\n\t\t\t\t\t\t\n\t\t\t\t\t\t\t\t\t\t\t\t\t<h3 class=\"elementor-flip-box__layer__title\">\n\t\t\t\t\t\t\t\tDekontamination von Geb\u00e4uden \t\t\t\t\t\t\t<\/h3>\n\t\t\t\t\t\t\n\t\t\t\t\t\t\t\t\t\t\t<\/div>\n\t\t\t\t<\/div>\n\t\t\t<\/div>\n\t\t\t<a class=\"elementor-flip-box__layer elementor-flip-box__back\" href=\"https:\/\/siera.com\/de\/solutions\/environmental-protection\/building-decontamination\/\">\n\t\t\t<div class=\"elementor-flip-box__layer__overlay\">\n\t\t\t\t<div class=\"elementor-flip-box__layer__inner\">\n\t\t\t\t\t\n\t\t\t\t\t\t\t\t\t\t\t<div class=\"elementor-flip-box__layer__description\">\n\t\t\t\t\t\t\tDie Umwelttechnik unterst\u00fctzt die Dekontaminierung von Geb\u00e4uden, um Gesundheitsrisiken f\u00fcr die Bewohner und Umweltbelastungen zu verringern. \t\t\t\t\t\t<\/div>\n\t\t\t\t\t\n\t\t\t\t\t\t\t\t\t\t\t<span class=\"elementor-flip-box__button elementor-button elementor-size-sm\">\n\t\t\t\t\t\t\tMehr erfahren\t\t\t\t\t\t<\/span>\n\t\t\t\t\t\t\t\t<\/div>\n\t\t<\/div>\n\t\t<\/a>\n\t\t<\/div>\n\t\t\t\t\t\t<\/div>\n\t\t\t\t<div class=\"elementor-element elementor-element-c7a598e elementor-flip-box--effect-slide elementor-widget__width-initial elementor-flip-box--direction-up elementor-widget elementor-widget-flip-box\" data-id=\"c7a598e\" data-element_type=\"widget\" data-e-type=\"widget\" data-widget_type=\"flip-box.default\">\n\t\t\t\t\t\t\t<div class=\"elementor-flip-box\" tabindex=\"0\">\n\t\t\t<div class=\"elementor-flip-box__layer elementor-flip-box__front\">\n\t\t\t\t<div class=\"elementor-flip-box__layer__overlay\">\n\t\t\t\t\t<div class=\"elementor-flip-box__layer__inner\">\n\t\t\t\t\t\t\n\t\t\t\t\t\t\t\t\t\t\t\t\t<h3 class=\"elementor-flip-box__layer__title\">\n\t\t\t\t\t\t\t\tSaubere Technologie \t\t\t\t\t\t\t<\/h3>\n\t\t\t\t\t\t\n\t\t\t\t\t\t\t\t\t\t\t<\/div>\n\t\t\t\t<\/div>\n\t\t\t<\/div>\n\t\t\t<a class=\"elementor-flip-box__layer elementor-flip-box__back\" href=\"https:\/\/siera.com\/de\/solutions\/environmental-protection\/clean-tech\/\">\n\t\t\t<div class=\"elementor-flip-box__layer__overlay\">\n\t\t\t\t<div class=\"elementor-flip-box__layer__inner\">\n\t\t\t\t\t\n\t\t\t\t\t\t\t\t\t\t\t<div class=\"elementor-flip-box__layer__description\">\n\t\t\t\t\t\t\tSaubere Technologien sind das Herzst\u00fcck der Antwort der Umwelttechnik auf die modernen Herausforderungen der Nachhaltigkeit. \t\t\t\t\t\t<\/div>\n\t\t\t\t\t\n\t\t\t\t\t\t\t\t\t\t\t<span class=\"elementor-flip-box__button elementor-button elementor-size-sm\">\n\t\t\t\t\t\t\tMehr erfahren\t\t\t\t\t\t<\/span>\n\t\t\t\t\t\t\t\t<\/div>\n\t\t<\/div>\n\t\t<\/a>\n\t\t<\/div>\n\t\t\t\t\t\t<\/div>\n\t\t\t\t<\/div>\n\t\t\t\t\t<\/div>\n\t\t\t\t<\/div>\n\t\t\t\t<\/div>","protected":false},"excerpt":{"rendered":"<p>Engineering for a Better Tomorrow Building Remediation Environmental engineering stands at the forefront of environmental protection. Environmental Engineering Solutions Building Remediation Environmental engineering is essential to the remediation of buildings impacted by historical pollutants and hazardous materials. This includes: Pollutant Identification and Risk Assessment\u00a0to uncover harmful substances embedded in structures from outdated construction practices State-of-the-Art [&hellip;]<\/p>\n","protected":false},"author":10,"featured_media":0,"parent":1298,"menu_order":0,"comment_status":"closed","ping_status":"closed","template":"elementor_header_footer","meta":{"_acf_changed":false,"footnotes":""},"class_list":["post-4960","page","type-page","status-publish","hentry"],"acf":[],"_links":{"self":[{"href":"https:\/\/siera.com\/de\/wp-json\/wp\/v2\/pages\/4960","targetHints":{"allow":["GET"]}}],"collection":[{"href":"https:\/\/siera.com\/de\/wp-json\/wp\/v2\/pages"}],"about":[{"href":"https:\/\/siera.com\/de\/wp-json\/wp\/v2\/types\/page"}],"author":[{"embeddable":true,"href":"https:\/\/siera.com\/de\/wp-json\/wp\/v2\/users\/10"}],"replies":[{"embeddable":true,"href":"https:\/\/siera.com\/de\/wp-json\/wp\/v2\/comments?post=4960"}],"version-history":[{"count":7,"href":"https:\/\/siera.com\/de\/wp-json\/wp\/v2\/pages\/4960\/revisions"}],"predecessor-version":[{"id":5147,"href":"https:\/\/siera.com\/de\/wp-json\/wp\/v2\/pages\/4960\/revisions\/5147"}],"up":[{"embeddable":true,"href":"https:\/\/siera.com\/de\/wp-json\/wp\/v2\/pages\/1298"}],"wp:attachment":[{"href":"https:\/\/siera.com\/de\/wp-json\/wp\/v2\/media?parent=4960"}],"curies":[{"name":"wp","href":"https:\/\/api.w.org\/{rel}","templated":true}]}}