{"id":2987,"date":"2025-11-25T12:15:14","date_gmt":"2025-11-25T12:15:14","guid":{"rendered":"https:\/\/siera.com\/?page_id=2987"},"modified":"2025-11-27T08:22:31","modified_gmt":"2025-11-27T08:22:31","slug":"donation-thankyou","status":"publish","type":"page","link":"https:\/\/siera.com\/de\/donation-thankyou\/","title":{"rendered":"Spende Dankesch\u00f6n"},"content":{"rendered":"<div data-elementor-type=\"wp-page\" data-elementor-id=\"2987\" class=\"elementor elementor-2987\" data-elementor-post-type=\"page\">\n\t\t\t\t<div class=\"elementor-element elementor-element-5d8f102 e-flex e-con-boxed e-con e-parent\" data-id=\"5d8f102\" data-element_type=\"container\" data-e-type=\"container\" data-settings=\"{&quot;background_background&quot;:&quot;gradient&quot;}\">\n\t\t\t\t\t<div class=\"e-con-inner\">\n\t\t\t\t<div class=\"elementor-element elementor-element-c90a3ac elementor-widget elementor-widget-heading\" data-id=\"c90a3ac\" data-element_type=\"widget\" data-e-type=\"widget\" data-widget_type=\"heading.default\">\n\t\t\t\t\t<h2 class=\"elementor-heading-title elementor-size-default\">Danke, dass du die Mustard Seed Foundation unterst\u00fctzt.<\/h2>\t\t\t\t<\/div>\n\t\t\t\t<div class=\"elementor-element elementor-element-949524f elementor-widget__width-initial elementor-widget elementor-widget-text-editor\" data-id=\"949524f\" data-element_type=\"widget\" data-e-type=\"widget\" data-widget_type=\"text-editor.default\">\n\t\t\t\t\t\t\t\t\t<p data-start=\"99\" data-end=\"269\">Deine Spende hilft dabei, sauberes Wasser, erneuerbare Energien und nachhaltige L\u00f6sungen in die Gemeinden zu bringen, die sie am meisten brauchen.<\/p><p data-start=\"271\" data-end=\"412\">Dank dir k\u00f6nnen wir weiterhin unterversorgte Gemeinden mit Werkzeugen ausstatten, die ihre Umwelt sch\u00fctzen und eine st\u00e4rkere Zukunft aufbauen.<\/p><p data-start=\"414\" data-end=\"521\">Wir sind dankbar f\u00fcr deine Freundlichkeit und deinen Glauben an unsere Mission.<br data-start=\"473\" data-end=\"476\" \/><strong data-start=\"476\" data-end=\"521\">Deine Gro\u00dfz\u00fcgigkeit macht wirklich einen Unterschied.<\/strong><\/p>\t\t\t\t\t\t\t\t<\/div>\n\t\t\t\t<div class=\"elementor-element elementor-element-07744fd elementor-widget elementor-widget-button\" data-id=\"07744fd\" data-element_type=\"widget\" data-e-type=\"widget\" data-widget_type=\"button.default\">\n\t\t\t\t\t\t\t\t\t\t<a class=\"elementor-button elementor-button-link elementor-size-sm\" href=\"#\">\n\t\t\t\t\t\t<span class=\"elementor-button-content-wrapper\">\n\t\t\t\t\t\t\t\t\t<span class=\"elementor-button-text\">Lies mehr \u00fcber Senfk\u00f6rner<\/span>\n\t\t\t\t\t<\/span>\n\t\t\t\t\t<\/a>\n\t\t\t\t\t\t\t\t<\/div>\n\t\t\t\t\t<\/div>\n\t\t\t\t<\/div>\n\t\t\t\t<\/div>","protected":false},"excerpt":{"rendered":"<p>Thank you for supporting the Mustard Seed Foundation. Your gift helps bring clean water, renewable energy, and sustainable solutions to communities that need them most. Because of you, we can continue empowering under-resourced communities with tools that protect their environment and build a stronger future. We\u2019re grateful for your kindness and belief in our mission.Your [&hellip;]<\/p>\n","protected":false},"author":1,"featured_media":0,"parent":0,"menu_order":0,"comment_status":"closed","ping_status":"closed","template":"elementor_canvas","meta":{"_acf_changed":false,"footnotes":""},"class_list":["post-2987","page","type-page","status-publish","hentry"],"acf":[],"_links":{"self":[{"href":"https:\/\/siera.com\/de\/wp-json\/wp\/v2\/pages\/2987","targetHints":{"allow":["GET"]}}],"collection":[{"href":"https:\/\/siera.com\/de\/wp-json\/wp\/v2\/pages"}],"about":[{"href":"https:\/\/siera.com\/de\/wp-json\/wp\/v2\/types\/page"}],"author":[{"embeddable":true,"href":"https:\/\/siera.com\/de\/wp-json\/wp\/v2\/users\/1"}],"replies":[{"embeddable":true,"href":"https:\/\/siera.com\/de\/wp-json\/wp\/v2\/comments?post=2987"}],"version-history":[{"count":8,"href":"https:\/\/siera.com\/de\/wp-json\/wp\/v2\/pages\/2987\/revisions"}],"predecessor-version":[{"id":3047,"href":"https:\/\/siera.com\/de\/wp-json\/wp\/v2\/pages\/2987\/revisions\/3047"}],"wp:attachment":[{"href":"https:\/\/siera.com\/de\/wp-json\/wp\/v2\/media?parent=2987"}],"curies":[{"name":"wp","href":"https:\/\/api.w.org\/{rel}","templated":true}]}}