{"id":2946,"date":"2025-11-25T09:02:19","date_gmt":"2025-11-25T09:02:19","guid":{"rendered":"https:\/\/siera.com\/?page_id=2946"},"modified":"2025-11-27T06:01:11","modified_gmt":"2025-11-27T06:01:11","slug":"mustard-seed-donations","status":"publish","type":"page","link":"https:\/\/siera.com\/de\/mustard-seed-donations\/","title":{"rendered":"Senfk\u00f6rner - Spenden"},"content":{"rendered":"<div data-elementor-type=\"wp-page\" data-elementor-id=\"2946\" class=\"elementor elementor-2946\" data-elementor-post-type=\"page\">\n\t\t\t\t<div class=\"elementor-element elementor-element-579f06c e-flex e-con-boxed e-con e-parent\" data-id=\"579f06c\" data-element_type=\"container\" data-e-type=\"container\" data-settings=\"{&quot;background_background&quot;:&quot;video&quot;,&quot;background_video_link&quot;:&quot;https:\\\/\\\/siera.com\\\/wp-content\\\/uploads\\\/EN-MSF-Overview-Draft-2.mp4&quot;,&quot;background_video_start&quot;:5}\">\n\t\t\t\t\t<div class=\"e-con-inner\">\n\t\t<div class=\"elementor-background-video-container elementor-hidden-mobile\">\n\t\t\t\t\t\t\t<video class=\"elementor-background-video-hosted\" role=\"presentation\" autoplay muted playsinline loop><\/video>\n\t\t\t\t\t<\/div>\t\t<div class=\"elementor-element elementor-element-64554ff elementor-widget__width-initial elementor-widget elementor-widget-image\" data-id=\"64554ff\" data-element_type=\"widget\" data-e-type=\"widget\" data-widget_type=\"image.default\">\n\t\t\t\t\t\t\t\t\t\t\t\t\t\t\t<img fetchpriority=\"high\" decoding=\"async\" width=\"450\" height=\"458\" src=\"https:\/\/siera.com\/wp-content\/uploads\/Mustard-Seed_Logo.png\" class=\"attachment-large size-large wp-image-1479\" alt=\"\" srcset=\"https:\/\/siera.com\/wp-content\/uploads\/Mustard-Seed_Logo.png 450w, https:\/\/siera.com\/wp-content\/uploads\/Mustard-Seed_Logo-295x300.png 295w\" sizes=\"(max-width: 450px) 100vw, 450px\" \/>\t\t\t\t\t\t\t\t\t\t\t\t\t\t\t<\/div>\n\t\t\t\t<div class=\"elementor-element elementor-element-2aa557c elementor-widget elementor-widget-heading\" data-id=\"2aa557c\" data-element_type=\"widget\" data-e-type=\"widget\" data-widget_type=\"heading.default\">\n\t\t\t\t\t<h1 class=\"elementor-heading-title elementor-size-default\">Stiftung Senfkorn<\/h1>\t\t\t\t<\/div>\n\t\t\t\t\t<\/div>\n\t\t\t\t<\/div>\n\t\t<div class=\"elementor-element elementor-element-becae95 fade-up-on-scroll e-flex e-con-boxed e-con e-parent\" data-id=\"becae95\" data-element_type=\"container\" data-e-type=\"container\" data-settings=\"{&quot;background_background&quot;:&quot;classic&quot;}\">\n\t\t\t\t\t<div class=\"e-con-inner\">\n\t\t<div class=\"elementor-element elementor-element-7dd8c63 e-con-full e-flex elementor-invisible e-con e-child\" data-id=\"7dd8c63\" data-element_type=\"container\" data-e-type=\"container\" data-settings=\"{&quot;animation&quot;:&quot;fadeInLeft&quot;}\">\n\t\t\t\t<div class=\"elementor-element elementor-element-0b74ad9 elementor-widget elementor-widget-heading\" data-id=\"0b74ad9\" data-element_type=\"widget\" data-e-type=\"widget\" data-widget_type=\"heading.default\">\n\t\t\t\t\t<h5 class=\"elementor-heading-title elementor-size-default\">Stiftung Senfkorn<\/h5>\t\t\t\t<\/div>\n\t\t\t\t<div class=\"elementor-element elementor-element-9ade55d elementor-widget__width-initial elementor-widget elementor-widget-heading\" data-id=\"9ade55d\" data-element_type=\"widget\" data-e-type=\"widget\" data-widget_type=\"heading.default\">\n\t\t\t\t\t<h2 class=\"elementor-heading-title elementor-size-default\">Solarenergieprojekt - Nazareth Home for God's Children, Yendi, Ghana<\/h2>\t\t\t\t<\/div>\n\t\t\t\t<div class=\"elementor-element elementor-element-cbddb2b elementor-widget__width-initial elementor-widget elementor-widget-text-editor\" data-id=\"cbddb2b\" data-element_type=\"widget\" data-e-type=\"widget\" data-widget_type=\"text-editor.default\">\n\t\t\t\t\t\t\t\t\t<p>Die <strong>Stiftung Senfkorn<\/strong> ist eine philanthropische Initiative, die nachhaltige technische L\u00f6sungen f\u00fcr unterentwickelte und marginalisierte Gemeinden auf der ganzen Welt unterst\u00fctzt. Inspiriert vom biblischen Senfkorn - klein, aber f\u00e4hig, zu etwas M\u00e4chtigem heranzuwachsen - konzentriert sich die Initiative auf Projekte in den Bereichen sauberes Wasser, erneuerbare Energien, Abwasserentsorgung und Landwirtschaft, die langfristige, gemeinschaftsorientierte Ver\u00e4nderungen bewirken.<\/p><p>Gemeinsam mit SIERA-Ingenieuren und -Partnern unterst\u00fctzt die Stiftung Projekte, bei denen die fachliche Planung und technische \u00dcberwachung gespendet wird, damit die finanziellen Beitr\u00e4ge direkt in die Umsetzung vor Ort flie\u00dfen k\u00f6nnen.<\/p><p>Eines dieser Projekte ist das <strong>Solarenergieprojekt - Nazareth Home for God's Children<\/strong> in Yendi, im Norden Ghanas. Das Heim, betrieben von <strong>Schwester Stan<\/strong>, k\u00fcmmert sich um <strong>155 Kinder mit besonderen Bed\u00fcrfnissen<\/strong> und ist auf zuverl\u00e4ssigen Strom f\u00fcr Beleuchtung, K\u00fchlung, medizinische Ger\u00e4te und die t\u00e4gliche Pflege angewiesen.<\/p>\t\t\t\t\t\t\t\t<\/div>\n\t\t\t\t<div class=\"elementor-element elementor-element-2811388 elementor-align-left elementor-widget elementor-widget-button\" data-id=\"2811388\" data-element_type=\"widget\" data-e-type=\"widget\" data-widget_type=\"button.default\">\n\t\t\t\t\t\t\t\t\t\t<a class=\"elementor-button elementor-button-link elementor-size-sm elementor-animation-float\" href=\"#\">\n\t\t\t\t\t\t<span class=\"elementor-button-content-wrapper\">\n\t\t\t\t\t\t\t\t\t<span class=\"elementor-button-text\">Hier spenden<\/span>\n\t\t\t\t\t<\/span>\n\t\t\t\t\t<\/a>\n\t\t\t\t\t\t\t\t<\/div>\n\t\t\t\t<\/div>\n\t\t<div class=\"elementor-element elementor-element-e497896 e-con-full e-flex elementor-invisible e-con e-child\" data-id=\"e497896\" data-element_type=\"container\" data-e-type=\"container\" data-settings=\"{&quot;animation&quot;:&quot;fadeInRight&quot;}\">\n\t\t\t\t<div class=\"elementor-element elementor-element-a8bc678 elementor-widget__width-initial elementor-widget elementor-widget-image\" data-id=\"a8bc678\" data-element_type=\"widget\" data-e-type=\"widget\" data-widget_type=\"image.default\">\n\t\t\t\t\t\t\t\t\t\t\t\t\t\t\t<img decoding=\"async\" width=\"800\" height=\"600\" src=\"https:\/\/siera.com\/wp-content\/uploads\/siera-mustard-seed-1.webp\" class=\"attachment-large size-large wp-image-2953\" alt=\"\" srcset=\"https:\/\/siera.com\/wp-content\/uploads\/siera-mustard-seed-1.webp 1020w, https:\/\/siera.com\/wp-content\/uploads\/siera-mustard-seed-1-300x225.webp 300w, https:\/\/siera.com\/wp-content\/uploads\/siera-mustard-seed-1-768x576.webp 768w, https:\/\/siera.com\/wp-content\/uploads\/siera-mustard-seed-1-16x12.webp 16w\" sizes=\"(max-width: 800px) 100vw, 800px\" \/>\t\t\t\t\t\t\t\t\t\t\t\t\t\t\t<\/div>\n\t\t\t\t<div class=\"elementor-element elementor-element-8d3eeaa elementor-widget__width-initial elementor-absolute elementor-widget elementor-widget-image\" data-id=\"8d3eeaa\" data-element_type=\"widget\" data-e-type=\"widget\" data-settings=\"{&quot;_position&quot;:&quot;absolute&quot;}\" data-widget_type=\"image.default\">\n\t\t\t\t\t\t\t\t\t\t\t\t\t\t\t<img decoding=\"async\" width=\"2048\" height=\"1153\" src=\"https:\/\/siera.com\/wp-content\/uploads\/siera-mustard-seed-2.webp\" class=\"attachment-full size-full wp-image-2952\" alt=\"\" srcset=\"https:\/\/siera.com\/wp-content\/uploads\/siera-mustard-seed-2.webp 2048w, https:\/\/siera.com\/wp-content\/uploads\/siera-mustard-seed-2-300x169.webp 300w, https:\/\/siera.com\/wp-content\/uploads\/siera-mustard-seed-2-1024x577.webp 1024w, https:\/\/siera.com\/wp-content\/uploads\/siera-mustard-seed-2-768x432.webp 768w, https:\/\/siera.com\/wp-content\/uploads\/siera-mustard-seed-2-1536x865.webp 1536w, https:\/\/siera.com\/wp-content\/uploads\/siera-mustard-seed-2-18x10.webp 18w\" sizes=\"(max-width: 2048px) 100vw, 2048px\" \/>\t\t\t\t\t\t\t\t\t\t\t\t\t\t\t<\/div>\n\t\t\t\t<\/div>\n\t\t\t\t\t<\/div>\n\t\t\t\t<\/div>\n\t\t<div class=\"elementor-element elementor-element-a41f6fd e-flex e-con-boxed e-con e-parent\" data-id=\"a41f6fd\" data-element_type=\"container\" data-e-type=\"container\">\n\t\t\t\t\t<div class=\"e-con-inner\">\n\t\t<div class=\"elementor-element elementor-element-0cb922a e-con-full e-flex e-con e-child\" data-id=\"0cb922a\" data-element_type=\"container\" data-e-type=\"container\">\n\t\t<div class=\"elementor-element elementor-element-9bc4702 e-con-full e-flex e-con e-child\" data-id=\"9bc4702\" data-element_type=\"container\" data-e-type=\"container\">\n\t\t\t\t<div class=\"elementor-element elementor-element-d208775 elementor-widget__width-initial elementor-widget elementor-widget-image\" data-id=\"d208775\" data-element_type=\"widget\" data-e-type=\"widget\" data-widget_type=\"image.default\">\n\t\t\t\t\t\t\t\t\t\t\t\t\t\t\t<img loading=\"lazy\" decoding=\"async\" width=\"800\" height=\"602\" src=\"https:\/\/siera.com\/wp-content\/uploads\/Cardinal-Turkson-with-Florian-1-2048x1539-1-1024x770.webp\" class=\"attachment-large size-large wp-image-2954\" alt=\"\" srcset=\"https:\/\/siera.com\/wp-content\/uploads\/Cardinal-Turkson-with-Florian-1-2048x1539-1-1024x770.webp 1024w, https:\/\/siera.com\/wp-content\/uploads\/Cardinal-Turkson-with-Florian-1-2048x1539-1-300x225.webp 300w, https:\/\/siera.com\/wp-content\/uploads\/Cardinal-Turkson-with-Florian-1-2048x1539-1-768x577.webp 768w, https:\/\/siera.com\/wp-content\/uploads\/Cardinal-Turkson-with-Florian-1-2048x1539-1-1536x1154.webp 1536w, https:\/\/siera.com\/wp-content\/uploads\/Cardinal-Turkson-with-Florian-1-2048x1539-1-16x12.webp 16w, https:\/\/siera.com\/wp-content\/uploads\/Cardinal-Turkson-with-Florian-1-2048x1539-1.webp 2048w\" sizes=\"(max-width: 800px) 100vw, 800px\" \/>\t\t\t\t\t\t\t\t\t\t\t\t\t\t\t<\/div>\n\t\t\t\t<\/div>\n\t\t<div class=\"elementor-element elementor-element-ae4757e e-con-full e-flex e-con e-child\" data-id=\"ae4757e\" data-element_type=\"container\" data-e-type=\"container\">\n\t\t\t\t<div class=\"elementor-element elementor-element-7b24d31 elementor-widget elementor-widget-heading\" data-id=\"7b24d31\" data-element_type=\"widget\" data-e-type=\"widget\" data-widget_type=\"heading.default\">\n\t\t\t\t\t<h2 class=\"elementor-heading-title elementor-size-default\">Stiftung Senfkorn<\/h2>\t\t\t\t<\/div>\n\t\t\t\t<div class=\"elementor-element elementor-element-895f24a elementor-widget__width-initial elementor-widget elementor-widget-heading\" data-id=\"895f24a\" data-element_type=\"widget\" data-e-type=\"widget\" data-widget_type=\"heading.default\">\n\t\t\t\t\t<h2 class=\"elementor-heading-title elementor-size-default\">Verl\u00e4sslicher Solarstrom bringt Kindern in Yendi Hoffnung<\/h2>\t\t\t\t<\/div>\n\t\t\t\t<div class=\"elementor-element elementor-element-0ef4a3f elementor-widget__width-initial elementor-widget elementor-widget-text-editor\" data-id=\"0ef4a3f\" data-element_type=\"widget\" data-e-type=\"widget\" data-widget_type=\"text-editor.default\">\n\t\t\t\t\t\t\t\t\t<p>Eines dieser Projekte ist das <strong>Solarenergieprojekt - Nazareth Home for God's Children<\/strong> in Yendi, im Norden Ghanas. Das Heim, betrieben von <strong>Schwester Stan<\/strong>, k\u00fcmmert sich um <strong>155 Kinder mit besonderen Bed\u00fcrfnissen<\/strong> und ist auf zuverl\u00e4ssigen Strom f\u00fcr Beleuchtung, K\u00fchlung, medizinische Ger\u00e4te und die t\u00e4gliche Pflege angewiesen.<\/p><p>Eine neue <strong>6 kW Hybrid-Solaranlage mit 5,1 kWh Batteriespeicher<\/strong> wurde installiert und technisch in die bestehende <strong>12 kW netzunabh\u00e4ngiges System<\/strong>. Durch die Optimierung der Lastverteilung zwischen beiden Systemen verf\u00fcgt das Haus nun \u00fcber zuverl\u00e4ssige, nachhaltige Energie - und kann sich besser auf die Betreuung der Kinder konzentrieren.<\/p><p>Wenn du \u00fcber das <strong>Stiftung Senfkorn<\/strong>, <strong>100% deines Beitrags gehen direkt an das Ghana-Projekt \u201cNazareth Home for God's Children\u201d.\u201d<\/strong>. Alle Verwaltungs- und Technikkosten werden separat erfasst.<\/p><p>Deine Spende hilft dabei:<\/p><ul><li>Sichere stabile, saubere Energie f\u00fcr 155 Kinder<\/li><li>Unterst\u00fctzung bei der Wartung und Verbesserung der Solarsysteme<\/li><li>Ein sicheres, w\u00fcrdiges Zuhause f\u00fcr gef\u00e4hrdete Kinder st\u00e4rken<\/li><\/ul><p><strong><br \/>Danke, dass du gespendet hast. Deine Gro\u00dfz\u00fcgigkeit macht dich zu einem Teil dieser Geschichte - ein stiller Held, der den Kindern, die es am meisten brauchen, Licht, Sicherheit und Hoffnung bringt.<\/strong><\/p>\t\t\t\t\t\t\t\t<\/div>\n\t\t\t\t<div class=\"elementor-element elementor-element-2fa4e0b elementor-align-left elementor-widget elementor-widget-button\" data-id=\"2fa4e0b\" data-element_type=\"widget\" data-e-type=\"widget\" data-widget_type=\"button.default\">\n\t\t\t\t\t\t\t\t\t\t<a class=\"elementor-button elementor-button-link elementor-size-sm elementor-animation-float\" href=\"#\">\n\t\t\t\t\t\t<span class=\"elementor-button-content-wrapper\">\n\t\t\t\t\t\t\t\t\t<span class=\"elementor-button-text\">Hier spenden<\/span>\n\t\t\t\t\t<\/span>\n\t\t\t\t\t<\/a>\n\t\t\t\t\t\t\t\t<\/div>\n\t\t\t\t<\/div>\n\t\t\t\t<\/div>\n\t\t\t\t\t<\/div>\n\t\t\t\t<\/div>\n\t\t<div class=\"elementor-element elementor-element-da7046f e-flex e-con-boxed e-con e-parent\" data-id=\"da7046f\" data-element_type=\"container\" data-e-type=\"container\" data-settings=\"{&quot;background_background&quot;:&quot;gradient&quot;}\">\n\t\t\t\t\t<div class=\"e-con-inner\">\n\t\t\t\t\t<\/div>\n\t\t\t\t<\/div>\n\t\t\t\t<\/div>","protected":false},"excerpt":{"rendered":"<p>Mustard Seed Foundation Mustard Seed Foundation Solar Energy Project \u2013 Nazareth Home for God\u2019s Children, Yendi, Ghana The Mustard Seed Foundation is a philanthropic initiative that supports sustainable engineering solutions for underdeveloped and marginalised communities around the world. Inspired by the biblical mustard seed\u2014small, but capable of growing into something mighty\u2014it focuses on projects in [&hellip;]<\/p>\n","protected":false},"author":10,"featured_media":0,"parent":0,"menu_order":0,"comment_status":"closed","ping_status":"closed","template":"elementor_canvas","meta":{"_acf_changed":false,"footnotes":""},"class_list":["post-2946","page","type-page","status-publish","hentry"],"acf":[],"_links":{"self":[{"href":"https:\/\/siera.com\/de\/wp-json\/wp\/v2\/pages\/2946","targetHints":{"allow":["GET"]}}],"collection":[{"href":"https:\/\/siera.com\/de\/wp-json\/wp\/v2\/pages"}],"about":[{"href":"https:\/\/siera.com\/de\/wp-json\/wp\/v2\/types\/page"}],"author":[{"embeddable":true,"href":"https:\/\/siera.com\/de\/wp-json\/wp\/v2\/users\/10"}],"replies":[{"embeddable":true,"href":"https:\/\/siera.com\/de\/wp-json\/wp\/v2\/comments?post=2946"}],"version-history":[{"count":7,"href":"https:\/\/siera.com\/de\/wp-json\/wp\/v2\/pages\/2946\/revisions"}],"predecessor-version":[{"id":3021,"href":"https:\/\/siera.com\/de\/wp-json\/wp\/v2\/pages\/2946\/revisions\/3021"}],"wp:attachment":[{"href":"https:\/\/siera.com\/de\/wp-json\/wp\/v2\/media?parent=2946"}],"curies":[{"name":"wp","href":"https:\/\/api.w.org\/{rel}","templated":true}]}}