{"id":1917,"date":"2025-11-03T18:27:39","date_gmt":"2025-11-03T18:27:39","guid":{"rendered":"https:\/\/siera.com\/?page_id=1917"},"modified":"2026-02-23T10:40:58","modified_gmt":"2026-02-23T10:40:58","slug":"join-the-team","status":"publish","type":"page","link":"https:\/\/siera.com\/de\/join-the-team\/","title":{"rendered":"Tritt dem Team bei"},"content":{"rendered":"<div data-elementor-type=\"wp-page\" data-elementor-id=\"1917\" class=\"elementor elementor-1917\" data-elementor-post-type=\"page\">\n\t\t\t\t<div class=\"elementor-element elementor-element-69141c0 e-flex e-con-boxed e-con e-parent\" data-id=\"69141c0\" data-element_type=\"container\" data-e-type=\"container\" data-settings=\"{&quot;background_background&quot;:&quot;gradient&quot;}\">\n\t\t\t\t\t<div class=\"e-con-inner\">\n\t\t\t\t<div class=\"elementor-element elementor-element-5180803 elementor-widget__width-initial elementor-widget elementor-widget-heading\" data-id=\"5180803\" data-element_type=\"widget\" data-e-type=\"widget\" data-widget_type=\"heading.default\">\n\t\t\t\t\t<h2 class=\"elementor-heading-title elementor-size-default\">Werde Teil unseres Teams<\/h2>\t\t\t\t<\/div>\n\t\t\t\t<div class=\"elementor-element elementor-element-f00e149 elementor-widget__width-initial elementor-widget elementor-widget-text-editor\" data-id=\"f00e149\" data-element_type=\"widget\" data-e-type=\"widget\" data-widget_type=\"text-editor.default\">\n\t\t\t\t\t\t\t\t\t<p>Unsere Mitarbeiter in der <strong>SIERA <\/strong>arbeiten zusammen an einer gemeinsamen Vision - der Schaffung einer besseren Zukunft f\u00fcr unseren Planeten in den Bereichen <strong>Konstruktion und Entwicklung<\/strong>, <strong>Umwelt und Wasser<\/strong>, und <strong>Boden und Geotechnik<\/strong>. Zahlreiche Unternehmen in ganz Deutschland sorgen daf\u00fcr, dass wir <strong>nah an unseren Kunden<\/strong>.<\/p><p>Diese N\u00e4he und Zusammenarbeit treiben unseren Erfolg an und unterst\u00fctzen unsere Vision, ein <strong>Deutschlands f\u00fchrende Ingenieurgesellschaft<\/strong>. Wir entwickeln uns st\u00e4ndig weiter und wachsen, um dieser Vision treu zu bleiben.<\/p><p>Mit unserer technischen Kompetenz wollen wir eine bessere Zukunft gestalten - getreu unserem Motto:<br \/><strong>\"Engineering for a Better Tomorrow\".<\/strong><\/p>\t\t\t\t\t\t\t\t<\/div>\n\t\t\t\t<div class=\"elementor-element elementor-element-1471508 elementor-widget elementor-widget-button\" data-id=\"1471508\" data-element_type=\"widget\" data-e-type=\"widget\" data-widget_type=\"button.default\">\n\t\t\t\t\t\t\t\t\t\t<a class=\"elementor-button elementor-button-link elementor-size-sm elementor-animation-bounce-in\" href=\"https:\/\/job.siera-alliance.com\/\" target=\"_blank\" rel=\"noopener\">\n\t\t\t\t\t\t<span class=\"elementor-button-content-wrapper\">\n\t\t\t\t\t\t\t\t\t<span class=\"elementor-button-text\">Letzte Jobs ansehen<\/span>\n\t\t\t\t\t<\/span>\n\t\t\t\t\t<\/a>\n\t\t\t\t\t\t\t\t<\/div>\n\t\t\t\t<div class=\"elementor-element elementor-element-1925ea2 elementor-widget elementor-widget-image\" data-id=\"1925ea2\" data-element_type=\"widget\" data-e-type=\"widget\" data-widget_type=\"image.default\">\n\t\t\t\t\t\t\t\t\t\t\t\t\t\t\t<img fetchpriority=\"high\" decoding=\"async\" width=\"1372\" height=\"564\" src=\"https:\/\/siera.com\/wp-content\/uploads\/New-Project-25.png\" class=\"attachment-full size-full wp-image-1928\" alt=\"\" srcset=\"https:\/\/siera.com\/wp-content\/uploads\/New-Project-25.png 1372w, https:\/\/siera.com\/wp-content\/uploads\/New-Project-25-300x123.png 300w, https:\/\/siera.com\/wp-content\/uploads\/New-Project-25-1024x421.png 1024w, https:\/\/siera.com\/wp-content\/uploads\/New-Project-25-768x316.png 768w\" sizes=\"(max-width: 1372px) 100vw, 1372px\" \/>\t\t\t\t\t\t\t\t\t\t\t\t\t\t\t<\/div>\n\t\t\t\t\t<\/div>\n\t\t\t\t<\/div>\n\t\t\t\t<\/div>","protected":false},"excerpt":{"rendered":"<p>Join Our Team Our employees in the SIERA work together toward a shared vision \u2014 creating a better future for our planet in the fields of construction and development, environment and water, and soil and geotechnics. Numerous companies across Germany ensure that we remain close to our customers. This proximity and collaboration drive our success [&hellip;]<\/p>\n","protected":false},"author":7,"featured_media":0,"parent":0,"menu_order":0,"comment_status":"closed","ping_status":"closed","template":"elementor_header_footer","meta":{"_acf_changed":false,"footnotes":""},"class_list":["post-1917","page","type-page","status-publish","hentry"],"acf":[],"_links":{"self":[{"href":"https:\/\/siera.com\/de\/wp-json\/wp\/v2\/pages\/1917","targetHints":{"allow":["GET"]}}],"collection":[{"href":"https:\/\/siera.com\/de\/wp-json\/wp\/v2\/pages"}],"about":[{"href":"https:\/\/siera.com\/de\/wp-json\/wp\/v2\/types\/page"}],"author":[{"embeddable":true,"href":"https:\/\/siera.com\/de\/wp-json\/wp\/v2\/users\/7"}],"replies":[{"embeddable":true,"href":"https:\/\/siera.com\/de\/wp-json\/wp\/v2\/comments?post=1917"}],"version-history":[{"count":22,"href":"https:\/\/siera.com\/de\/wp-json\/wp\/v2\/pages\/1917\/revisions"}],"predecessor-version":[{"id":3867,"href":"https:\/\/siera.com\/de\/wp-json\/wp\/v2\/pages\/1917\/revisions\/3867"}],"wp:attachment":[{"href":"https:\/\/siera.com\/de\/wp-json\/wp\/v2\/media?parent=1917"}],"curies":[{"name":"wp","href":"https:\/\/api.w.org\/{rel}","templated":true}]}}