{"id":1558,"date":"2025-11-01T11:48:37","date_gmt":"2025-11-01T11:48:37","guid":{"rendered":"https:\/\/siera.com\/?page_id=1558"},"modified":"2026-04-02T05:22:36","modified_gmt":"2026-04-02T05:22:36","slug":"impressum","status":"publish","type":"page","link":"https:\/\/siera.com\/de\/impressum\/","title":{"rendered":"IMPRESSUM"},"content":{"rendered":"<div data-elementor-type=\"wp-page\" data-elementor-id=\"1558\" class=\"elementor elementor-1558\" data-elementor-post-type=\"page\">\n\t\t\t\t<div class=\"elementor-element elementor-element-63a6a47 e-flex e-con-boxed e-con e-parent\" data-id=\"63a6a47\" data-element_type=\"container\" data-e-type=\"container\" data-settings=\"{&quot;background_background&quot;:&quot;classic&quot;}\">\n\t\t\t\t\t<div class=\"e-con-inner\">\n\t\t\t\t<div class=\"elementor-element elementor-element-c92dea5 elementor-widget elementor-widget-heading\" data-id=\"c92dea5\" data-element_type=\"widget\" data-e-type=\"widget\" data-widget_type=\"heading.default\">\n\t\t\t\t\t<h1 class=\"elementor-heading-title elementor-size-default\">Impressum<\/h1>\t\t\t\t<\/div>\n\t\t\t\t\t<\/div>\n\t\t\t\t<\/div>\n\t\t<div class=\"elementor-element elementor-element-e58d3e2 e-flex e-con-boxed e-con e-parent\" data-id=\"e58d3e2\" data-element_type=\"container\" data-e-type=\"container\" data-settings=\"{&quot;background_background&quot;:&quot;classic&quot;}\">\n\t\t\t\t\t<div class=\"e-con-inner\">\n\t\t<div class=\"elementor-element elementor-element-f10dc90 e-con-full e-flex e-con e-child\" data-id=\"f10dc90\" data-element_type=\"container\" data-e-type=\"container\">\n\t\t\t\t<div class=\"elementor-element elementor-element-f05797c elementor-widget elementor-widget-heading\" data-id=\"f05797c\" data-element_type=\"widget\" data-e-type=\"widget\" data-widget_type=\"heading.default\">\n\t\t\t\t\t<h5 class=\"elementor-heading-title elementor-size-default\">Impressum<\/h5>\t\t\t\t<\/div>\n\t\t\t\t<div class=\"elementor-element elementor-element-443a410 elementor-widget__width-initial elementor-widget elementor-widget-text-editor\" data-id=\"443a410\" data-element_type=\"widget\" data-e-type=\"widget\" data-widget_type=\"text-editor.default\">\n\t\t\t\t\t\t\t\t\t<div class=\"elementor-element elementor-element-8fd51f1 elementor-widget elementor-widget-text-editor\" data-id=\"8fd51f1\" data-element_type=\"widget\" data-widget_type=\"text-editor.default\"><div class=\"elementor-widget-container\"><p><strong>RECHTLICHER HINWEIS<\/strong><\/p><p><strong>Anbieter:                   SIERA SE<\/strong><\/p><p><strong>Standort:<\/strong>\u00a0 \u00a0 \u00a0 \u00a0 \u00a0 \u00a0 \u00a0 \u00a0 \u00a0 \u00a0 \u00a0 \u00a0 6, Rue Dicks, 1417 Luxemburg<\/p><p><strong>E-Mail:<\/strong>\u00a0 \u00a0 \u00a0 \u00a0 \u00a0 \u00a0 \u00a0 \u00a0 \u00a0 \u00a0 \u00a0 \u00a0 \u00a0 \u00a0 \u00a0 \u00a0 <a href=\"mailto:info@siera.com\">info@siera.com<\/a><\/p><p><strong>Vorsitzender:<\/strong>\u00a0 \u00a0 \u00a0 \u00a0 \u00a0 \u00a0 \u00a0 \u00a0 \u00a0 \u00a0 \u00a0 \u00a0 \u00a0 \u00a0Florian von Tucher<\/p><p><strong>Identifikationsnummer:\u00a0 <\/strong> B295640<\/p><p><strong>Ausschluss der Haftung: <\/strong>Die SIERA SE ist nicht verantwortlich f\u00fcr den Inhalt anderer Internetseiten, die im Rahmen dieser Internetseite verlinkt sind. Alle auf unseren Internetseiten aufgef\u00fchrten Informationen wurden sorgf\u00e4ltig recherchiert.<\/p><p><strong>Bildrechte:<\/strong><\/p><p>\u00a9\u00a0<a href=\"http:\/\/web.archive.org\/web\/20211015022619\/https:\/pixabay.com\/de\/\" target=\"_blank\" rel=\"noopener\">Pixabay GmbH<\/a><\/p><p>\u00a9\u00a0<a href=\"http:\/\/web.archive.org\/web\/20211015022619\/https:\/de.freepik.com\/hom\" target=\"_blank\" rel=\"noopener\">Freepik Unternehmen<\/a><\/p><p>@Google Analytics<\/p><p><strong>Mitglieder des Vorstandes:<\/strong><br \/>Florian von Tucher<\/p><p><strong>Verantwortlich f\u00fcr den Inhalt:<\/strong><br \/>SIERA-Agentur<\/p><\/div><\/div><div class=\"elementor-element elementor-element-695b1b3 elementor-widget elementor-widget-heading\" data-id=\"695b1b3\" data-element_type=\"widget\" data-widget_type=\"heading.default\"><div class=\"elementor-widget-container\"><h2 class=\"elementor-heading-title elementor-size-default\">Haftung f\u00fcr Inhalte<\/h2><\/div><\/div><div class=\"elementor-element elementor-element-6eff1b7 elementor-widget elementor-widget-text-editor\" data-id=\"6eff1b7\" data-element_type=\"widget\" data-widget_type=\"text-editor.default\"><div class=\"elementor-widget-container\"><p>Wir sind f\u00fcr unsere eigenen Inhalte auf dieser Website nach den allgemeinen Bestimmungen des Schweizer Rechts verantwortlich. Wir sind jedoch nicht verpflichtet, \u00fcbermittelte oder gespeicherte fremde Informationen zu \u00fcberwachen oder nach Umst\u00e4nden zu forschen, die auf eine rechtswidrige T\u00e4tigkeit hinweisen.<br \/>Verpflichtungen zur Entfernung oder Sperrung der Nutzung von Informationen nach geltendem Schweizer Recht bleiben hiervon unber\u00fchrt. Eine diesbez\u00fcgliche Haftung ist jedoch erst ab dem Zeitpunkt der Kenntnis einer konkreten Rechtsverletzung m\u00f6glich. Bei Bekanntwerden von entsprechenden Rechtsverletzungen werden wir diese Inhalte umgehend entfernen.<\/p><p><strong>Externe Links<\/strong><\/p><p>Diese Website enth\u00e4lt Verkn\u00fcpfungen zu Websites Dritter (\"externe Links\"). F\u00fcr den Inhalt dieser Websites sind ausschlie\u00dflich deren Betreiber verantwortlich. Bei der erstmaligen Verkn\u00fcpfung wurden die fremden Inhalte daraufhin \u00fcberpr\u00fcft, ob etwaige Rechtsverst\u00f6\u00dfe bestehen. Zu dem Zeitpunkt waren keine Rechtsverst\u00f6\u00dfe ersichtlich. Wir haben keinen Einfluss auf die aktuelle und zuk\u00fcnftige Gestaltung und Inhalte der verlinkten Seiten.<br \/>Das Setzen von externen Links bedeutet nicht, dass wir uns die hinter dem Verweis oder Link liegenden Inhalte zu Eigen machen. Eine st\u00e4ndige Kontrolle dieser externen Links ist f\u00fcr uns ohne konkrete Hinweise auf Rechtsverst\u00f6\u00dfe nicht zumutbar. Bei Kenntnisnahme von Rechtsverst\u00f6\u00dfen werden jedoch derartige externe Links unverz\u00fcglich gel\u00f6scht.<\/p><p><strong>Copyright<\/strong><\/p><p>Die auf dieser Website ver\u00f6ffentlichten Inhalte unterliegen dem Schweizer Urheberrechtsgesetz. Jede vom Urheberrechtsgesetz nicht ausdr\u00fccklich zugelassene Verwertung bedarf der vorherigen schriftlichen Zustimmung des Rechteinhabers. Dies gilt insbesondere f\u00fcr Vervielf\u00e4ltigung, Bearbeitung, \u00dcbersetzung, Einspeicherung, Verarbeitung bzw. Wiedergabe von Inhalten in Datenbanken oder anderen elektronischen Medien und Systemen.<br \/>Die unerlaubte Vervielf\u00e4ltigung oder Weitergabe einzelner Inhalte oder kompletter Seiten ist nicht gestattet und kann strafrechtlich geahndet werden. Kopien und Downloads von dieser Website sind nur f\u00fcr den pers\u00f6nlichen, privaten und nicht kommerziellen Gebrauch gestattet.<br \/>Wenn Inhalte auf dieser Seite nicht von uns erstellt wurden, werden die Urheberrechte Dritter beachtet. Inhalte von Dritten sind, wo immer m\u00f6glich, als solche gekennzeichnet. Solltest du dennoch auf eine Urheberrechtsverletzung aufmerksam werden, benachrichtige uns bitte. Sobald wir von Rechtsverletzungen erfahren, werden wir diese Inhalte umgehend entfernen.<\/p><p><strong>Anwendbares Recht<\/strong><\/p><p>Die rechtlichen Hinweise auf dieser Website sowie alle Fragen und Streitigkeiten im Zusammenhang mit dieser Website unterliegen ausschlie\u00dflich den Gesetzen der Schweiz.<\/p><p>Informationen zum Datenschutz finden Sie in unserer <a href=\"https:\/\/siera.com\/de\/privacy-policy\/\">Datenschutzrichtlinie\u00a0<\/a><\/p><\/div><\/div>\t\t\t\t\t\t\t\t<\/div>\n\t\t\t\t<\/div>\n\t\t\t\t\t<\/div>\n\t\t\t\t<\/div>\n\t\t\t\t<\/div>","protected":false},"excerpt":{"rendered":"<p>Imprint Imprint LEGAL NOTICE Association:\u00a0 \u00a0 \u00a0 \u00a0 \u00a0 \u00a0 \u00a0 \u00a0 \u00a0 \u00a0 \u00a0SIERA SE Location:\u00a0 \u00a0 \u00a0 \u00a0 \u00a0 \u00a0 \u00a0 \u00a0 \u00a0 \u00a0 \u00a0 \u00a0 6, Rue Dicks, 1417 Luxembourg E-Mail:\u00a0 \u00a0 \u00a0 \u00a0 \u00a0 \u00a0 \u00a0 \u00a0 \u00a0 \u00a0 \u00a0 \u00a0 \u00a0 \u00a0 \u00a0 \u00a0 info@siera.com Chairman:\u00a0 \u00a0 \u00a0 \u00a0 \u00a0 [&hellip;]<\/p>\n","protected":false},"author":4,"featured_media":0,"parent":0,"menu_order":0,"comment_status":"closed","ping_status":"closed","template":"","meta":{"_acf_changed":false,"footnotes":""},"class_list":["post-1558","page","type-page","status-publish","hentry"],"acf":[],"_links":{"self":[{"href":"https:\/\/siera.com\/de\/wp-json\/wp\/v2\/pages\/1558","targetHints":{"allow":["GET"]}}],"collection":[{"href":"https:\/\/siera.com\/de\/wp-json\/wp\/v2\/pages"}],"about":[{"href":"https:\/\/siera.com\/de\/wp-json\/wp\/v2\/types\/page"}],"author":[{"embeddable":true,"href":"https:\/\/siera.com\/de\/wp-json\/wp\/v2\/users\/4"}],"replies":[{"embeddable":true,"href":"https:\/\/siera.com\/de\/wp-json\/wp\/v2\/comments?post=1558"}],"version-history":[{"count":53,"href":"https:\/\/siera.com\/de\/wp-json\/wp\/v2\/pages\/1558\/revisions"}],"predecessor-version":[{"id":4663,"href":"https:\/\/siera.com\/de\/wp-json\/wp\/v2\/pages\/1558\/revisions\/4663"}],"wp:attachment":[{"href":"https:\/\/siera.com\/de\/wp-json\/wp\/v2\/media?parent=1558"}],"curies":[{"name":"wp","href":"https:\/\/api.w.org\/{rel}","templated":true}]}}