{"id":1298,"date":"2025-11-01T08:52:22","date_gmt":"2025-11-01T08:52:22","guid":{"rendered":"https:\/\/siera.com\/?page_id=1298"},"modified":"2026-04-09T09:59:58","modified_gmt":"2026-04-09T09:59:58","slug":"environmental-protection","status":"publish","type":"page","link":"https:\/\/siera.com\/de\/solutions\/environmental-protection\/","title":{"rendered":"Schutz der Umwelt"},"content":{"rendered":"<div data-elementor-type=\"wp-page\" data-elementor-id=\"1298\" class=\"elementor elementor-1298\" data-elementor-post-type=\"page\">\n\t\t\t\t<div class=\"elementor-element elementor-element-f3a52ba e-flex e-con-boxed e-con e-parent\" data-id=\"f3a52ba\" data-element_type=\"container\" data-e-type=\"container\" data-settings=\"{&quot;background_background&quot;:&quot;classic&quot;}\">\n\t\t\t\t\t<div class=\"e-con-inner\">\n\t\t\t\t<div class=\"elementor-element elementor-element-f880b88 elementor-widget elementor-widget-heading\" data-id=\"f880b88\" data-element_type=\"widget\" data-e-type=\"widget\" data-widget_type=\"heading.default\">\n\t\t\t\t\t<h5 class=\"elementor-heading-title elementor-size-default\">Engineering For A Better Tomorrow<\/h5>\t\t\t\t<\/div>\n\t\t\t\t<div class=\"elementor-element elementor-element-8b2ca70 elementor-widget elementor-widget-heading\" data-id=\"8b2ca70\" data-element_type=\"widget\" data-e-type=\"widget\" data-widget_type=\"heading.default\">\n\t\t\t\t\t<h1 class=\"elementor-heading-title elementor-size-default\">Schutz der Umwelt<\/h1>\t\t\t\t<\/div>\n\t\t\t\t<div class=\"elementor-element elementor-element-852135e elementor-widget__width-initial elementor-widget elementor-widget-text-editor\" data-id=\"852135e\" data-element_type=\"widget\" data-e-type=\"widget\" data-widget_type=\"text-editor.default\">\n\t\t\t\t\t\t\t\t\t<p>Die Umwelttechnik steht an der Spitze des Umweltschutzes.<\/p>\t\t\t\t\t\t\t\t<\/div>\n\t\t\t\t\t<\/div>\n\t\t\t\t<\/div>\n\t\t<div class=\"elementor-element elementor-element-5678bc7 e-flex e-con-boxed e-con e-parent\" data-id=\"5678bc7\" data-element_type=\"container\" data-e-type=\"container\" data-settings=\"{&quot;background_background&quot;:&quot;classic&quot;}\">\n\t\t\t\t\t<div class=\"e-con-inner\">\n\t\t<div class=\"elementor-element elementor-element-b423d51 e-con-full e-flex e-con e-child\" data-id=\"b423d51\" data-element_type=\"container\" data-e-type=\"container\">\n\t\t\t\t<div class=\"elementor-element elementor-element-e6e5560 elementor-widget__width-initial elementor-widget elementor-widget-heading\" data-id=\"e6e5560\" data-element_type=\"widget\" data-e-type=\"widget\" data-widget_type=\"heading.default\">\n\t\t\t\t\t<h5 class=\"elementor-heading-title elementor-size-default\">Umwelttechnische L\u00f6sungen<\/h5>\t\t\t\t<\/div>\n\t\t\t\t<div class=\"elementor-element elementor-element-f195854 elementor-widget__width-initial elementor-widget elementor-widget-heading\" data-id=\"f195854\" data-element_type=\"widget\" data-e-type=\"widget\" data-widget_type=\"heading.default\">\n\t\t\t\t\t<h2 class=\"elementor-heading-title elementor-size-default\">Schutz der Umwelt<\/h2>\t\t\t\t<\/div>\n\t\t\t\t<div class=\"elementor-element elementor-element-3f5df24 elementor-widget__width-initial elementor-widget elementor-widget-text-editor\" data-id=\"3f5df24\" data-element_type=\"widget\" data-e-type=\"widget\" data-widget_type=\"text-editor.default\">\n\t\t\t\t\t\t\t\t\t<p>Die Umwelttechnik steht an der Spitze des Umweltschutzes und wendet wissenschaftliche Pr\u00e4zision und altehrw\u00fcrdiges technisches Wissen an, um \u00d6kosysteme zu erhalten, die \u00f6ffentliche Gesundheit zu sch\u00fctzen und gesch\u00e4digte Umwelt zu sanieren. In der SIERA Alliance haben sich erfahrene Umweltingenieure zusammengeschlossen, um diese dauerhaften Herausforderungen durch gezielte Sanierung, Dekontaminierung und innovative saubere Technologien anzugehen - ein wichtiger Ausdruck unserer Verpflichtung gegen\u00fcber dem Land und den zuk\u00fcnftigen Generationen. Dieses Engagement umfasst:<\/p><ul><li><strong>Bodenkunde<\/strong>\u00a0- die Anwendung innovativer geotechnischer Methoden zur Untersuchung der Untergrundbedingungen und zur Verbesserung der Gr\u00fcndungsplanung f\u00fcr eine widerstandsf\u00e4hige, langlebige Infrastruktur<\/li><li><strong>Geb\u00e4ude-Sanierung<\/strong>\u00a0- die Sanierung von schadstoffbelasteten Bauwerken mit technischen L\u00f6sungen, die Gesundheit und Bewohnbarkeit sicherstellen<\/li><li><strong>Sanierung von Minenstandorten<\/strong>\u00a0- die \u00f6kologische Sanierung von kontaminierten Bergbaugebieten durch Bodensanierung und nachhaltige Landnutzungsstrategien<\/li><li><strong>Dekontamination von Geb\u00e4uden<\/strong>\u00a0- die Beseitigung gef\u00e4hrlicher Stoffe aus Geb\u00e4uden, um Gesundheitsrisiken zu verringern und eine umweltfreundliche Renovierung zu f\u00f6rdern<\/li><li><strong>Saubere Technologie<\/strong>\u00a0- den Einsatz fortschrittlicher Umwelttechnologien, um die Klimaziele zu unterst\u00fctzen und eine nachhaltige Infrastruktur zu erm\u00f6glichen<\/li><\/ul><p>Zusammen bilden diese S\u00e4ulen der Umwelttechnik das R\u00fcckgrat des Ansatzes der SIERA Alliance f\u00fcr Schutz, Widerstandsf\u00e4higkeit und Regeneration.<\/p>\t\t\t\t\t\t\t\t<\/div>\n\t\t\t\t<\/div>\n\t\t<div class=\"elementor-element elementor-element-8acce80 e-con-full e-flex e-con e-child\" data-id=\"8acce80\" data-element_type=\"container\" data-e-type=\"container\">\n\t\t\t\t<div class=\"elementor-element elementor-element-62dae8b elementor-widget__width-initial elementor-widget elementor-widget-image\" data-id=\"62dae8b\" data-element_type=\"widget\" data-e-type=\"widget\" data-widget_type=\"image.default\">\n\t\t\t\t\t\t\t\t\t\t\t\t\t\t\t<img fetchpriority=\"high\" decoding=\"async\" width=\"800\" height=\"534\" src=\"https:\/\/siera.com\/wp-content\/uploads\/siera-environment-protection-images-13.webp\" class=\"attachment-large size-large wp-image-1385\" alt=\"\" srcset=\"https:\/\/siera.com\/wp-content\/uploads\/siera-environment-protection-images-13.webp 1000w, https:\/\/siera.com\/wp-content\/uploads\/siera-environment-protection-images-13-300x200.webp 300w, https:\/\/siera.com\/wp-content\/uploads\/siera-environment-protection-images-13-768x512.webp 768w\" sizes=\"(max-width: 800px) 100vw, 800px\" \/>\t\t\t\t\t\t\t\t\t\t\t\t\t\t\t<\/div>\n\t\t\t\t<div class=\"elementor-element elementor-element-3beb83a elementor-widget__width-initial elementor-absolute elementor-widget elementor-widget-image\" data-id=\"3beb83a\" data-element_type=\"widget\" data-e-type=\"widget\" data-settings=\"{&quot;_position&quot;:&quot;absolute&quot;}\" data-widget_type=\"image.default\">\n\t\t\t\t\t\t\t\t\t\t\t\t\t\t\t<img decoding=\"async\" width=\"800\" height=\"534\" src=\"https:\/\/siera.com\/wp-content\/uploads\/siera-environment-protection-images-11.webp\" class=\"attachment-large size-large wp-image-1384\" alt=\"\" srcset=\"https:\/\/siera.com\/wp-content\/uploads\/siera-environment-protection-images-11.webp 1000w, https:\/\/siera.com\/wp-content\/uploads\/siera-environment-protection-images-11-300x200.webp 300w, https:\/\/siera.com\/wp-content\/uploads\/siera-environment-protection-images-11-768x512.webp 768w\" sizes=\"(max-width: 800px) 100vw, 800px\" \/>\t\t\t\t\t\t\t\t\t\t\t\t\t\t\t<\/div>\n\t\t\t\t<\/div>\n\t\t\t\t\t<\/div>\n\t\t\t\t<\/div>\n\t\t<div class=\"elementor-element elementor-element-2de6a65 e-flex e-con-boxed e-con e-parent\" data-id=\"2de6a65\" data-element_type=\"container\" data-e-type=\"container\" data-settings=\"{&quot;background_background&quot;:&quot;classic&quot;}\">\n\t\t\t\t\t<div class=\"e-con-inner\">\n\t\t<div class=\"elementor-element elementor-element-e3d659f e-con-full e-flex e-con e-child\" data-id=\"e3d659f\" data-element_type=\"container\" data-e-type=\"container\">\n\t\t\t\t<div class=\"elementor-element elementor-element-a3b467b elementor-widget__width-initial elementor-widget elementor-widget-heading\" data-id=\"a3b467b\" data-element_type=\"widget\" data-e-type=\"widget\" data-widget_type=\"heading.default\">\n\t\t\t\t\t<h5 class=\"elementor-heading-title elementor-size-default\">Umwelttechnische L\u00f6sungen<\/h5>\t\t\t\t<\/div>\n\t\t\t\t<div class=\"elementor-element elementor-element-ba808c0 elementor-widget__width-initial elementor-widget elementor-widget-heading\" data-id=\"ba808c0\" data-element_type=\"widget\" data-e-type=\"widget\" data-widget_type=\"heading.default\">\n\t\t\t\t\t<h2 class=\"elementor-heading-title elementor-size-default\">Technik f\u00fcr ein besseres Morgen <\/h2>\t\t\t\t<\/div>\n\t\t\t\t<div class=\"elementor-element elementor-element-b7c3a0b elementor-widget__width-initial elementor-widget elementor-widget-text-editor\" data-id=\"b7c3a0b\" data-element_type=\"widget\" data-e-type=\"widget\" data-widget_type=\"text-editor.default\">\n\t\t\t\t\t\t\t\t\t<p>Umwelttechnische L\u00f6sungen organisieren die Auswirkungen in diesen Schwerpunktbereichen, in denen der Wandel greifbar wird.<\/p>\t\t\t\t\t\t\t\t<\/div>\n\t\t\t\t<\/div>\n\t\t<div class=\"elementor-element elementor-element-5a551c2 e-con-full e-flex e-con e-child\" data-id=\"5a551c2\" data-element_type=\"container\" data-e-type=\"container\">\n\t\t\t\t<div class=\"elementor-element elementor-element-0a6826d elementor-flip-box--effect-slide elementor-widget__width-initial elementor-flip-box--direction-up elementor-widget elementor-widget-flip-box\" data-id=\"0a6826d\" data-element_type=\"widget\" data-e-type=\"widget\" data-widget_type=\"flip-box.default\">\n\t\t\t\t\t\t\t<div class=\"elementor-flip-box\" tabindex=\"0\">\n\t\t\t<div class=\"elementor-flip-box__layer elementor-flip-box__front\">\n\t\t\t\t<div class=\"elementor-flip-box__layer__overlay\">\n\t\t\t\t\t<div class=\"elementor-flip-box__layer__inner\">\n\t\t\t\t\t\t\n\t\t\t\t\t\t\t\t\t\t\t\t\t<h3 class=\"elementor-flip-box__layer__title\">\n\t\t\t\t\t\t\t\tBodenkunde \t\t\t\t\t\t\t<\/h3>\n\t\t\t\t\t\t\n\t\t\t\t\t\t\t\t\t\t\t<\/div>\n\t\t\t\t<\/div>\n\t\t\t<\/div>\n\t\t\t<a class=\"elementor-flip-box__layer elementor-flip-box__back\" href=\"https:\/\/siera.com\/de\/solutions\/environmental-protection\/soil-sciences\/\">\n\t\t\t<div class=\"elementor-flip-box__layer__overlay\">\n\t\t\t\t<div class=\"elementor-flip-box__layer__inner\">\n\t\t\t\t\t\n\t\t\t\t\t\t\t\t\t\t\t<div class=\"elementor-flip-box__layer__description\">\n\t\t\t\t\t\t\tDie Umwelttechnik ist das Herzst\u00fcck der Bodenwissenschaften, wo die SIERA Alliance Pr\u00e4zision und Innovation einsetzt, um nachhaltige Landnutzung und -entwicklung zu gestalten. \t\t\t\t\t\t<\/div>\n\t\t\t\t\t\n\t\t\t\t\t\t\t\t\t\t\t<span class=\"elementor-flip-box__button elementor-button elementor-size-sm\">\n\t\t\t\t\t\t\tMehr erfahren\t\t\t\t\t\t<\/span>\n\t\t\t\t\t\t\t\t<\/div>\n\t\t<\/div>\n\t\t<\/a>\n\t\t<\/div>\n\t\t\t\t\t\t<\/div>\n\t\t\t\t<div class=\"elementor-element elementor-element-492e76f elementor-flip-box--effect-slide elementor-widget__width-initial elementor-flip-box--direction-up elementor-widget elementor-widget-flip-box\" data-id=\"492e76f\" data-element_type=\"widget\" data-e-type=\"widget\" data-widget_type=\"flip-box.default\">\n\t\t\t\t\t\t\t<div class=\"elementor-flip-box\" tabindex=\"0\">\n\t\t\t<div class=\"elementor-flip-box__layer elementor-flip-box__front\">\n\t\t\t\t<div class=\"elementor-flip-box__layer__overlay\">\n\t\t\t\t\t<div class=\"elementor-flip-box__layer__inner\">\n\t\t\t\t\t\t\n\t\t\t\t\t\t\t\t\t\t\t\t\t<h3 class=\"elementor-flip-box__layer__title\">\n\t\t\t\t\t\t\t\tGeb\u00e4ude-Sanierung \t\t\t\t\t\t\t<\/h3>\n\t\t\t\t\t\t\n\t\t\t\t\t\t\t\t\t\t\t<\/div>\n\t\t\t\t<\/div>\n\t\t\t<\/div>\n\t\t\t<a class=\"elementor-flip-box__layer elementor-flip-box__back\" href=\"https:\/\/siera.com\/de\/solutions\/environmental-protection\/building-remediation\/\">\n\t\t\t<div class=\"elementor-flip-box__layer__overlay\">\n\t\t\t\t<div class=\"elementor-flip-box__layer__inner\">\n\t\t\t\t\t\n\t\t\t\t\t\t\t\t\t\t\t<div class=\"elementor-flip-box__layer__description\">\n\t\t\t\t\t\t\tUmwelttechnik ist unerl\u00e4sslich f\u00fcr die Sanierung von Geb\u00e4uden, die durch historische Schadstoffe und gef\u00e4hrliche Materialien belastet sind\t\t\t\t\t\t<\/div>\n\t\t\t\t\t\n\t\t\t\t\t\t\t\t\t\t\t<span class=\"elementor-flip-box__button elementor-button elementor-size-sm\">\n\t\t\t\t\t\t\tMehr erfahren\t\t\t\t\t\t<\/span>\n\t\t\t\t\t\t\t\t<\/div>\n\t\t<\/div>\n\t\t<\/a>\n\t\t<\/div>\n\t\t\t\t\t\t<\/div>\n\t\t\t\t<div class=\"elementor-element elementor-element-b98b373 elementor-flip-box--effect-slide elementor-widget__width-initial elementor-flip-box--direction-up elementor-widget elementor-widget-flip-box\" data-id=\"b98b373\" data-element_type=\"widget\" data-e-type=\"widget\" data-widget_type=\"flip-box.default\">\n\t\t\t\t\t\t\t<div class=\"elementor-flip-box\" tabindex=\"0\">\n\t\t\t<div class=\"elementor-flip-box__layer elementor-flip-box__front\">\n\t\t\t\t<div class=\"elementor-flip-box__layer__overlay\">\n\t\t\t\t\t<div class=\"elementor-flip-box__layer__inner\">\n\t\t\t\t\t\t\n\t\t\t\t\t\t\t\t\t\t\t\t\t<h3 class=\"elementor-flip-box__layer__title\">\n\t\t\t\t\t\t\t\tSanierung von Minenstandorten \t\t\t\t\t\t\t<\/h3>\n\t\t\t\t\t\t\n\t\t\t\t\t\t\t\t\t\t\t<\/div>\n\t\t\t\t<\/div>\n\t\t\t<\/div>\n\t\t\t<a class=\"elementor-flip-box__layer elementor-flip-box__back\" href=\"https:\/\/siera.com\/de\/solutions\/environmental-protection\/mine-site-remediation\/\">\n\t\t\t<div class=\"elementor-flip-box__layer__overlay\">\n\t\t\t\t<div class=\"elementor-flip-box__layer__inner\">\n\t\t\t\t\t\n\t\t\t\t\t\t\t\t\t\t\t<div class=\"elementor-flip-box__layer__description\">\n\t\t\t\t\t\t\tDie Umweltingenieure der SIERA Alliance sind darauf spezialisiert, gesch\u00e4digte Bergbaulandschaften durch strategische Sanierungsma\u00dfnahmen und gemeinschaftsorientierte Innovationen zu sanieren. \t\t\t\t\t\t<\/div>\n\t\t\t\t\t\n\t\t\t\t\t\t\t\t\t\t\t<span class=\"elementor-flip-box__button elementor-button elementor-size-sm\">\n\t\t\t\t\t\t\tMehr erfahren\t\t\t\t\t\t<\/span>\n\t\t\t\t\t\t\t\t<\/div>\n\t\t<\/div>\n\t\t<\/a>\n\t\t<\/div>\n\t\t\t\t\t\t<\/div>\n\t\t\t\t<div class=\"elementor-element elementor-element-ead5b97 elementor-flip-box--effect-slide elementor-widget__width-initial elementor-flip-box--direction-up elementor-widget elementor-widget-flip-box\" data-id=\"ead5b97\" data-element_type=\"widget\" data-e-type=\"widget\" data-widget_type=\"flip-box.default\">\n\t\t\t\t\t\t\t<div class=\"elementor-flip-box\" tabindex=\"0\">\n\t\t\t<div class=\"elementor-flip-box__layer elementor-flip-box__front\">\n\t\t\t\t<div class=\"elementor-flip-box__layer__overlay\">\n\t\t\t\t\t<div class=\"elementor-flip-box__layer__inner\">\n\t\t\t\t\t\t\n\t\t\t\t\t\t\t\t\t\t\t\t\t<h3 class=\"elementor-flip-box__layer__title\">\n\t\t\t\t\t\t\t\tDekontamination von Geb\u00e4uden \t\t\t\t\t\t\t<\/h3>\n\t\t\t\t\t\t\n\t\t\t\t\t\t\t\t\t\t\t<\/div>\n\t\t\t\t<\/div>\n\t\t\t<\/div>\n\t\t\t<a class=\"elementor-flip-box__layer elementor-flip-box__back\" href=\"https:\/\/siera.com\/de\/solutions\/environmental-protection\/building-decontamination\/\">\n\t\t\t<div class=\"elementor-flip-box__layer__overlay\">\n\t\t\t\t<div class=\"elementor-flip-box__layer__inner\">\n\t\t\t\t\t\n\t\t\t\t\t\t\t\t\t\t\t<div class=\"elementor-flip-box__layer__description\">\n\t\t\t\t\t\t\tDie Umwelttechnik unterst\u00fctzt die Dekontaminierung von Geb\u00e4uden, um Gesundheitsrisiken f\u00fcr die Bewohner und Umweltbelastungen zu verringern. \t\t\t\t\t\t<\/div>\n\t\t\t\t\t\n\t\t\t\t\t\t\t\t\t\t\t<span class=\"elementor-flip-box__button elementor-button elementor-size-sm\">\n\t\t\t\t\t\t\tMehr erfahren\t\t\t\t\t\t<\/span>\n\t\t\t\t\t\t\t\t<\/div>\n\t\t<\/div>\n\t\t<\/a>\n\t\t<\/div>\n\t\t\t\t\t\t<\/div>\n\t\t\t\t<div class=\"elementor-element elementor-element-a491d52 elementor-flip-box--effect-slide elementor-widget__width-initial elementor-flip-box--direction-up elementor-widget elementor-widget-flip-box\" data-id=\"a491d52\" data-element_type=\"widget\" data-e-type=\"widget\" data-widget_type=\"flip-box.default\">\n\t\t\t\t\t\t\t<div class=\"elementor-flip-box\" tabindex=\"0\">\n\t\t\t<div class=\"elementor-flip-box__layer elementor-flip-box__front\">\n\t\t\t\t<div class=\"elementor-flip-box__layer__overlay\">\n\t\t\t\t\t<div class=\"elementor-flip-box__layer__inner\">\n\t\t\t\t\t\t\n\t\t\t\t\t\t\t\t\t\t\t\t\t<h3 class=\"elementor-flip-box__layer__title\">\n\t\t\t\t\t\t\t\tSaubere Technologie \t\t\t\t\t\t\t<\/h3>\n\t\t\t\t\t\t\n\t\t\t\t\t\t\t\t\t\t\t<\/div>\n\t\t\t\t<\/div>\n\t\t\t<\/div>\n\t\t\t<a class=\"elementor-flip-box__layer elementor-flip-box__back\" href=\"https:\/\/siera.com\/de\/solutions\/environmental-protection\/clean-tech\/\">\n\t\t\t<div class=\"elementor-flip-box__layer__overlay\">\n\t\t\t\t<div class=\"elementor-flip-box__layer__inner\">\n\t\t\t\t\t\n\t\t\t\t\t\t\t\t\t\t\t<div class=\"elementor-flip-box__layer__description\">\n\t\t\t\t\t\t\tSaubere Technologien sind das Herzst\u00fcck der Antwort der Umwelttechnik auf die modernen Herausforderungen der Nachhaltigkeit. \t\t\t\t\t\t<\/div>\n\t\t\t\t\t\n\t\t\t\t\t\t\t\t\t\t\t<span class=\"elementor-flip-box__button elementor-button elementor-size-sm\">\n\t\t\t\t\t\t\tMehr erfahren\t\t\t\t\t\t<\/span>\n\t\t\t\t\t\t\t\t<\/div>\n\t\t<\/div>\n\t\t<\/a>\n\t\t<\/div>\n\t\t\t\t\t\t<\/div>\n\t\t\t\t<\/div>\n\t\t\t\t\t<\/div>\n\t\t\t\t<\/div>\n\t\t\t\t<\/div>","protected":false},"excerpt":{"rendered":"<p>Engineering for a Better Tomorrow Environmental Protection Environmental engineering stands at the forefront of environmental protection. Environmental Engineering Solutions Environmental Protection Environmental engineering stands at the forefront of environmental protection, applying scientific precision and time-honored technical wisdom to preserve ecosystems, safeguard public health, and restore degraded environments. The SIERA Alliance brings together seasoned environmental engineers [&hellip;]<\/p>\n","protected":false},"author":10,"featured_media":0,"parent":328,"menu_order":0,"comment_status":"closed","ping_status":"closed","template":"elementor_header_footer","meta":{"_acf_changed":false,"footnotes":""},"class_list":["post-1298","page","type-page","status-publish","hentry"],"acf":[],"_links":{"self":[{"href":"https:\/\/siera.com\/de\/wp-json\/wp\/v2\/pages\/1298","targetHints":{"allow":["GET"]}}],"collection":[{"href":"https:\/\/siera.com\/de\/wp-json\/wp\/v2\/pages"}],"about":[{"href":"https:\/\/siera.com\/de\/wp-json\/wp\/v2\/types\/page"}],"author":[{"embeddable":true,"href":"https:\/\/siera.com\/de\/wp-json\/wp\/v2\/users\/10"}],"replies":[{"embeddable":true,"href":"https:\/\/siera.com\/de\/wp-json\/wp\/v2\/comments?post=1298"}],"version-history":[{"count":34,"href":"https:\/\/siera.com\/de\/wp-json\/wp\/v2\/pages\/1298\/revisions"}],"predecessor-version":[{"id":5141,"href":"https:\/\/siera.com\/de\/wp-json\/wp\/v2\/pages\/1298\/revisions\/5141"}],"up":[{"embeddable":true,"href":"https:\/\/siera.com\/de\/wp-json\/wp\/v2\/pages\/328"}],"wp:attachment":[{"href":"https:\/\/siera.com\/de\/wp-json\/wp\/v2\/media?parent=1298"}],"curies":[{"name":"wp","href":"https:\/\/api.w.org\/{rel}","templated":true}]}}