{"id":1067,"date":"2025-10-31T11:31:05","date_gmt":"2025-10-31T11:31:05","guid":{"rendered":"https:\/\/siera.com\/?page_id=1067"},"modified":"2026-03-06T11:46:37","modified_gmt":"2026-03-06T11:46:37","slug":"siera-academy","status":"publish","type":"page","link":"https:\/\/siera.com\/de\/siera-academy\/","title":{"rendered":"SIERA-Akademie"},"content":{"rendered":"<div data-elementor-type=\"wp-page\" data-elementor-id=\"1067\" class=\"elementor elementor-1067\" data-elementor-post-type=\"page\">\n\t\t\t\t<div class=\"elementor-element elementor-element-6a7f206 e-flex e-con-boxed e-con e-parent\" data-id=\"6a7f206\" data-element_type=\"container\" data-e-type=\"container\" data-settings=\"{&quot;background_background&quot;:&quot;classic&quot;}\">\n\t\t\t\t\t<div class=\"e-con-inner\">\n\t\t\t\t<div class=\"elementor-element elementor-element-6c14e1f elementor-widget elementor-widget-heading\" data-id=\"6c14e1f\" data-element_type=\"widget\" data-e-type=\"widget\" data-widget_type=\"heading.default\">\n\t\t\t\t\t<h5 class=\"elementor-heading-title elementor-size-default\">Engineering For A Better Tomorrow<\/h5>\t\t\t\t<\/div>\n\t\t\t\t<div class=\"elementor-element elementor-element-58a552b elementor-widget elementor-widget-heading\" data-id=\"58a552b\" data-element_type=\"widget\" data-e-type=\"widget\" data-widget_type=\"heading.default\">\n\t\t\t\t\t<h1 class=\"elementor-heading-title elementor-size-default\">SIERA-Akademie<\/h1>\t\t\t\t<\/div>\n\t\t\t\t<div class=\"elementor-element elementor-element-387bf01 elementor-widget__width-initial elementor-widget elementor-widget-text-editor\" data-id=\"387bf01\" data-element_type=\"widget\" data-e-type=\"widget\" data-widget_type=\"text-editor.default\">\n\t\t\t\t\t\t\t\t\tExperten-Online-Schulungen, die sich an dein Leben anpassen und deine Ambitionen f\u00f6rdern\t\t\t\t\t\t\t\t<\/div>\n\t\t\t\t\t<\/div>\n\t\t\t\t<\/div>\n\t\t<div class=\"elementor-element elementor-element-136d33d e-flex e-con-boxed e-con e-parent\" data-id=\"136d33d\" data-element_type=\"container\" data-e-type=\"container\">\n\t\t\t\t\t<div class=\"e-con-inner\">\n\t\t<div class=\"elementor-element elementor-element-635ecbf e-con-full e-flex e-con e-child\" data-id=\"635ecbf\" data-element_type=\"container\" data-e-type=\"container\">\n\t\t\t\t<div class=\"elementor-element elementor-element-9d4ea83 elementor-widget elementor-widget-image\" data-id=\"9d4ea83\" data-element_type=\"widget\" data-e-type=\"widget\" data-widget_type=\"image.default\">\n\t\t\t\t\t\t\t\t\t\t\t\t\t\t\t<img fetchpriority=\"high\" decoding=\"async\" width=\"800\" height=\"310\" src=\"https:\/\/siera.com\/wp-content\/uploads\/281986-1024x397.jpg\" class=\"attachment-large size-large wp-image-1068\" alt=\"\" srcset=\"https:\/\/siera.com\/wp-content\/uploads\/281986-1024x397.jpg 1024w, https:\/\/siera.com\/wp-content\/uploads\/281986-300x116.jpg 300w, https:\/\/siera.com\/wp-content\/uploads\/281986-768x298.jpg 768w, https:\/\/siera.com\/wp-content\/uploads\/281986.jpg 1500w\" sizes=\"(max-width: 800px) 100vw, 800px\" \/>\t\t\t\t\t\t\t\t\t\t\t\t\t\t\t<\/div>\n\t\t\t\t<\/div>\n\t\t<div class=\"elementor-element elementor-element-9eef148 e-con-full e-flex e-con e-child\" data-id=\"9eef148\" data-element_type=\"container\" data-e-type=\"container\">\n\t\t\t\t<div class=\"elementor-element elementor-element-5e886d7 elementor-widget__width-initial elementor-widget elementor-widget-heading\" data-id=\"5e886d7\" data-element_type=\"widget\" data-e-type=\"widget\" data-widget_type=\"heading.default\">\n\t\t\t\t\t<h5 class=\"elementor-heading-title elementor-size-default\">SIERA AKADEMIE<\/h5>\t\t\t\t<\/div>\n\t\t\t\t<div class=\"elementor-element elementor-element-134687a elementor-widget__width-initial elementor-widget elementor-widget-heading\" data-id=\"134687a\" data-element_type=\"widget\" data-e-type=\"widget\" data-widget_type=\"heading.default\">\n\t\t\t\t\t<h2 class=\"elementor-heading-title elementor-size-default\">Ver\u00e4ndere deine Zukunft mit der SIERA Academy<\/h2>\t\t\t\t<\/div>\n\t\t\t\t<div class=\"elementor-element elementor-element-d324e65 elementor-widget__width-initial elementor-widget elementor-widget-text-editor\" data-id=\"d324e65\" data-element_type=\"widget\" data-e-type=\"widget\" data-widget_type=\"text-editor.default\">\n\t\t\t\t\t\t\t\t\tWir von der SIERA Academy sind der Meinung, dass Lernen zug\u00e4nglich, flexibel und wirkungsvoll sein sollte. Unsere Online-Schulungen sollen dir helfen, gefragte F\u00e4higkeiten zu erwerben, neue M\u00f6glichkeiten zu erschlie\u00dfen und deine pers\u00f6nlichen und beruflichen Ziele zu erreichen - \u00fcberall und jederzeit.\t\t\t\t\t\t\t\t<\/div>\n\t\t\t\t<div class=\"elementor-element elementor-element-5455bcd elementor-widget elementor-widget-button\" data-id=\"5455bcd\" data-element_type=\"widget\" data-e-type=\"widget\" data-widget_type=\"button.default\">\n\t\t\t\t\t\t\t\t\t\t<a class=\"elementor-button elementor-button-link elementor-size-sm elementor-animation-float\" href=\"https:\/\/siera-academy.org\/\" target=\"_blank\" rel=\"noopener\">\n\t\t\t\t\t\t<span class=\"elementor-button-content-wrapper\">\n\t\t\t\t\t\t<span class=\"elementor-button-icon\">\n\t\t\t\t<svg aria-hidden=\"true\" class=\"e-font-icon-svg e-fas-external-link-alt\" viewbox=\"0 0 512 512\" xmlns=\"http:\/\/www.w3.org\/2000\/svg\"><path d=\"M432,320H400a16,16,0,0,0-16,16V448H64V128H208a16,16,0,0,0,16-16V80a16,16,0,0,0-16-16H48A48,48,0,0,0,0,112V464a48,48,0,0,0,48,48H400a48,48,0,0,0,48-48V336A16,16,0,0,0,432,320ZM488,0h-128c-21.37,0-32.05,25.91-17,41l35.73,35.73L135,320.37a24,24,0,0,0,0,34L157.67,377a24,24,0,0,0,34,0L435.28,133.32,471,169c15,15,41,4.5,41-17V24A24,24,0,0,0,488,0Z\"><\/path><\/svg>\t\t\t<\/span>\n\t\t\t\t\t\t\t\t\t<span class=\"elementor-button-text\">Website besuchen<\/span>\n\t\t\t\t\t<\/span>\n\t\t\t\t\t<\/a>\n\t\t\t\t\t\t\t\t<\/div>\n\t\t\t\t<\/div>\n\t\t\t\t\t<\/div>\n\t\t\t\t<\/div>\n\t\t<div class=\"elementor-element elementor-element-ee439bf e-flex e-con-boxed e-con e-parent\" data-id=\"ee439bf\" data-element_type=\"container\" data-e-type=\"container\" data-settings=\"{&quot;background_background&quot;:&quot;classic&quot;}\">\n\t\t\t\t\t<div class=\"e-con-inner\">\n\t\t<div class=\"elementor-element elementor-element-e629c4a e-con-full e-flex e-con e-child\" data-id=\"e629c4a\" data-element_type=\"container\" data-e-type=\"container\">\n\t\t\t\t<div class=\"elementor-element elementor-element-cb715f8 elementor-widget__width-initial elementor-widget elementor-widget-heading\" data-id=\"cb715f8\" data-element_type=\"widget\" data-e-type=\"widget\" data-widget_type=\"heading.default\">\n\t\t\t\t\t<h2 class=\"elementor-heading-title elementor-size-default\">\u00dcber die SIERA-Akademie<\/h2>\t\t\t\t<\/div>\n\t\t\t\t<div class=\"elementor-element elementor-element-b606613 elementor-widget elementor-widget-text-editor\" data-id=\"b606613\" data-element_type=\"widget\" data-e-type=\"widget\" data-widget_type=\"text-editor.default\">\n\t\t\t\t\t\t\t\t\tDie SIERA Academy ist deine ultimative Anlaufstelle f\u00fcr hochwertige Online-Schulungen, die Lernende auf der ganzen Welt unterst\u00fctzen. Wir haben es uns zur Aufgabe gemacht, Bildung zug\u00e4nglich und wirkungsvoll zu machen, und bieten fachkundig gestaltete Kurse f\u00fcr eine Vielzahl von Branchen und Qualifikationsniveaus an. Unsere Plattform kombiniert Flexibilit\u00e4t mit personalisiertem Lernen und erm\u00f6glicht es dir, in deinem eigenen Tempo zu lernen und gleichzeitig praktisches Wissen aus der Praxis zu erlangen.\t\t\t\t\t\t\t\t<\/div>\n\t\t\t\t<\/div>\n\t\t<div class=\"elementor-element elementor-element-85a36df e-con-full e-flex e-con e-child\" data-id=\"85a36df\" data-element_type=\"container\" data-e-type=\"container\" data-settings=\"{&quot;background_background&quot;:&quot;classic&quot;}\">\n\t\t\t\t<div class=\"elementor-element elementor-element-42db34e elementor-widget elementor-widget-heading\" data-id=\"42db34e\" data-element_type=\"widget\" data-e-type=\"widget\" data-widget_type=\"heading.default\">\n\t\t\t\t\t<h2 class=\"elementor-heading-title elementor-size-default\">3 Gr\u00fcnde, die f\u00fcr die Siera Academy sprechen<\/h2>\t\t\t\t<\/div>\n\t\t\t\t<div class=\"elementor-element elementor-element-29ddffd elementor-position-left elementor-vertical-align-middle elementor-widget elementor-widget-image-box\" data-id=\"29ddffd\" data-element_type=\"widget\" data-e-type=\"widget\" data-widget_type=\"image-box.default\">\n\t\t\t\t\t<div class=\"elementor-image-box-wrapper\"><figure class=\"elementor-image-box-img\"><img decoding=\"async\" width=\"209\" height=\"209\" src=\"https:\/\/siera.com\/wp-content\/uploads\/rsn_1-1.png\" class=\"attachment-full size-full wp-image-1073\" alt=\"\" srcset=\"https:\/\/siera.com\/wp-content\/uploads\/rsn_1-1.png 209w, https:\/\/siera.com\/wp-content\/uploads\/rsn_1-1-150x150.png 150w\" sizes=\"(max-width: 209px) 100vw, 209px\" \/><\/figure><div class=\"elementor-image-box-content\"><p class=\"elementor-image-box-title\">Expertengef\u00fchrter, flexibler, branchenbezogener Lehrplan<\/p><\/div><\/div>\t\t\t\t<\/div>\n\t\t\t\t<div class=\"elementor-element elementor-element-402fc85 elementor-position-left elementor-vertical-align-middle elementor-widget elementor-widget-image-box\" data-id=\"402fc85\" data-element_type=\"widget\" data-e-type=\"widget\" data-widget_type=\"image-box.default\">\n\t\t\t\t\t<div class=\"elementor-image-box-wrapper\"><figure class=\"elementor-image-box-img\"><img decoding=\"async\" width=\"209\" height=\"209\" src=\"https:\/\/siera.com\/wp-content\/uploads\/rsn_2-1.png\" class=\"attachment-full size-full wp-image-1075\" alt=\"\" srcset=\"https:\/\/siera.com\/wp-content\/uploads\/rsn_2-1.png 209w, https:\/\/siera.com\/wp-content\/uploads\/rsn_2-1-150x150.png 150w\" sizes=\"(max-width: 209px) 100vw, 209px\" \/><\/figure><div class=\"elementor-image-box-content\"><p class=\"elementor-image-box-title\">Pers\u00f6nliche Unterst\u00fctzung f\u00fcr die Beherrschung von F\u00e4higkeiten und Wachstum<\/p><\/div><\/div>\t\t\t\t<\/div>\n\t\t\t\t<div class=\"elementor-element elementor-element-dec6d16 elementor-position-left elementor-vertical-align-middle elementor-widget elementor-widget-image-box\" data-id=\"dec6d16\" data-element_type=\"widget\" data-e-type=\"widget\" data-widget_type=\"image-box.default\">\n\t\t\t\t\t<div class=\"elementor-image-box-wrapper\"><figure class=\"elementor-image-box-img\"><img loading=\"lazy\" decoding=\"async\" width=\"209\" height=\"209\" src=\"https:\/\/siera.com\/wp-content\/uploads\/rsn_3-1.png\" class=\"attachment-full size-full wp-image-1074\" alt=\"\" srcset=\"https:\/\/siera.com\/wp-content\/uploads\/rsn_3-1.png 209w, https:\/\/siera.com\/wp-content\/uploads\/rsn_3-1-150x150.png 150w\" sizes=\"(max-width: 209px) 100vw, 209px\" \/><\/figure><div class=\"elementor-image-box-content\"><p class=\"elementor-image-box-title\">Anerkannte Zertifizierungen und Networking f\u00fcr das berufliche Fortkommen<\/p><\/div><\/div>\t\t\t\t<\/div>\n\t\t\t\t<\/div>\n\t\t\t\t\t<\/div>\n\t\t\t\t<\/div>\n\t\t<div class=\"elementor-element elementor-element-d278b55 e-flex e-con-boxed e-con e-parent\" data-id=\"d278b55\" data-element_type=\"container\" data-e-type=\"container\">\n\t\t\t\t\t<div class=\"e-con-inner\">\n\t\t\t\t<div class=\"elementor-element elementor-element-c2e62c6 elementor-widget__width-initial elementor-widget elementor-widget-heading\" data-id=\"c2e62c6\" data-element_type=\"widget\" data-e-type=\"widget\" data-widget_type=\"heading.default\">\n\t\t\t\t\t<h2 class=\"elementor-heading-title elementor-size-default\">Unsere Mitglieder<\/h2>\t\t\t\t<\/div>\n\t\t\t\t\t<\/div>\n\t\t\t\t<\/div>\n\t\t<div class=\"elementor-element elementor-element-4b32025 e-flex e-con-boxed e-con e-parent\" data-id=\"4b32025\" data-element_type=\"container\" data-e-type=\"container\">\n\t\t\t\t\t<div class=\"e-con-inner\">\n\t\t<div class=\"elementor-element elementor-element-62c6ba6 e-con-full e-grid e-con e-child\" data-id=\"62c6ba6\" data-element_type=\"container\" data-e-type=\"container\">\n\t\t\t\t<div class=\"elementor-element elementor-element-a6cead1 elementor-widget elementor-widget-image\" data-id=\"a6cead1\" data-element_type=\"widget\" data-e-type=\"widget\" data-widget_type=\"image.default\">\n\t\t\t\t\t\t\t\t\t\t\t\t\t\t\t\t<a href=\"https:\/\/mup-group.com\/\" target=\"_blank\" rel=\"noopener\">\n\t\t\t\t\t\t\t<img loading=\"lazy\" decoding=\"async\" width=\"400\" height=\"414\" src=\"https:\/\/siera.com\/wp-content\/uploads\/MP_Group-1.png\" class=\"attachment-large size-large wp-image-1080\" alt=\"\" srcset=\"https:\/\/siera.com\/wp-content\/uploads\/MP_Group-1.png 400w, https:\/\/siera.com\/wp-content\/uploads\/MP_Group-1-290x300.png 290w\" sizes=\"(max-width: 400px) 100vw, 400px\" \/>\t\t\t\t\t\t\t\t<\/a>\n\t\t\t\t\t\t\t\t\t\t\t\t\t\t\t<\/div>\n\t\t\t\t<div class=\"elementor-element elementor-element-d652462 elementor-widget elementor-widget-image\" data-id=\"d652462\" data-element_type=\"widget\" data-e-type=\"widget\" data-widget_type=\"image.default\">\n\t\t\t\t\t\t\t\t\t\t\t\t\t\t\t\t<a href=\"https:\/\/icp-ing.de\/\" target=\"_blank\" rel=\"noopener\">\n\t\t\t\t\t\t\t<img loading=\"lazy\" decoding=\"async\" width=\"655\" height=\"515\" src=\"https:\/\/siera.com\/wp-content\/uploads\/ICP_Logo-5.png\" class=\"attachment-large size-large wp-image-1083\" alt=\"\" srcset=\"https:\/\/siera.com\/wp-content\/uploads\/ICP_Logo-5.png 655w, https:\/\/siera.com\/wp-content\/uploads\/ICP_Logo-5-300x236.png 300w\" sizes=\"(max-width: 655px) 100vw, 655px\" \/>\t\t\t\t\t\t\t\t<\/a>\n\t\t\t\t\t\t\t\t\t\t\t\t\t\t\t<\/div>\n\t\t\t\t<div class=\"elementor-element elementor-element-cc7ab97 elementor-widget elementor-widget-image\" data-id=\"cc7ab97\" data-element_type=\"widget\" data-e-type=\"widget\" data-widget_type=\"image.default\">\n\t\t\t\t\t\t\t\t\t\t\t\t\t\t\t\t<a href=\"https:\/\/siera-alliance.com\/\" target=\"_blank\" rel=\"noopener\">\n\t\t\t\t\t\t\t<img loading=\"lazy\" decoding=\"async\" width=\"800\" height=\"248\" src=\"https:\/\/siera.com\/wp-content\/uploads\/Alliance-colored-2-1-1.png\" class=\"attachment-large size-large wp-image-1082\" alt=\"\" srcset=\"https:\/\/siera.com\/wp-content\/uploads\/Alliance-colored-2-1-1.png 800w, https:\/\/siera.com\/wp-content\/uploads\/Alliance-colored-2-1-1-300x93.png 300w, https:\/\/siera.com\/wp-content\/uploads\/Alliance-colored-2-1-1-768x238.png 768w\" sizes=\"(max-width: 800px) 100vw, 800px\" \/>\t\t\t\t\t\t\t\t<\/a>\n\t\t\t\t\t\t\t\t\t\t\t\t\t\t\t<\/div>\n\t\t\t\t<div class=\"elementor-element elementor-element-56aea29 elementor-widget elementor-widget-image\" data-id=\"56aea29\" data-element_type=\"widget\" data-e-type=\"widget\" data-widget_type=\"image.default\">\n\t\t\t\t\t\t\t\t\t\t\t\t\t\t\t\t<a href=\"https:\/\/sustain-suite.com\/\" target=\"_blank\" rel=\"noopener\">\n\t\t\t\t\t\t\t<img loading=\"lazy\" decoding=\"async\" width=\"800\" height=\"184\" src=\"https:\/\/siera.com\/wp-content\/uploads\/SustainSuite_Logo-1024x235-1-1.png\" class=\"attachment-large size-large wp-image-1081\" alt=\"\" srcset=\"https:\/\/siera.com\/wp-content\/uploads\/SustainSuite_Logo-1024x235-1-1.png 1024w, https:\/\/siera.com\/wp-content\/uploads\/SustainSuite_Logo-1024x235-1-1-300x69.png 300w, https:\/\/siera.com\/wp-content\/uploads\/SustainSuite_Logo-1024x235-1-1-768x176.png 768w\" sizes=\"(max-width: 800px) 100vw, 800px\" \/>\t\t\t\t\t\t\t\t<\/a>\n\t\t\t\t\t\t\t\t\t\t\t\t\t\t\t<\/div>\n\t\t\t\t<\/div>\n\t\t\t\t\t<\/div>\n\t\t\t\t<\/div>\n\t\t\t\t<\/div>","protected":false},"excerpt":{"rendered":"<p>Engineering for a Better Tomorrow SIERA Academy Expert Online Training Designed to Fit Your Life and Fuel Your Ambitions SIERA ACADEMY Transform Your Future with SIERA Academy At SIERA Academy, we believe learning should be accessible, flexible, and impactful. Our online training programs are designed to help you acquire in-demand skills, unlock new opportunities, and [&hellip;]<\/p>\n","protected":false},"author":6,"featured_media":0,"parent":0,"menu_order":0,"comment_status":"closed","ping_status":"closed","template":"elementor_header_footer","meta":{"_acf_changed":false,"footnotes":""},"class_list":["post-1067","page","type-page","status-publish","hentry"],"acf":[],"_links":{"self":[{"href":"https:\/\/siera.com\/de\/wp-json\/wp\/v2\/pages\/1067","targetHints":{"allow":["GET"]}}],"collection":[{"href":"https:\/\/siera.com\/de\/wp-json\/wp\/v2\/pages"}],"about":[{"href":"https:\/\/siera.com\/de\/wp-json\/wp\/v2\/types\/page"}],"author":[{"embeddable":true,"href":"https:\/\/siera.com\/de\/wp-json\/wp\/v2\/users\/6"}],"replies":[{"embeddable":true,"href":"https:\/\/siera.com\/de\/wp-json\/wp\/v2\/comments?post=1067"}],"version-history":[{"count":15,"href":"https:\/\/siera.com\/de\/wp-json\/wp\/v2\/pages\/1067\/revisions"}],"predecessor-version":[{"id":4098,"href":"https:\/\/siera.com\/de\/wp-json\/wp\/v2\/pages\/1067\/revisions\/4098"}],"wp:attachment":[{"href":"https:\/\/siera.com\/de\/wp-json\/wp\/v2\/media?parent=1067"}],"curies":[{"name":"wp","href":"https:\/\/api.w.org\/{rel}","templated":true}]}}